{"id":701,"date":"2025-11-24T16:28:01","date_gmt":"2025-11-24T15:28:01","guid":{"rendered":"https:\/\/masdeguilles.com\/celebrations-events\/"},"modified":"2026-01-05T14:03:47","modified_gmt":"2026-01-05T13:03:47","slug":"celebrations-events","status":"publish","type":"page","link":"https:\/\/masdeguilles.com\/en\/celebrations-events\/","title":{"rendered":"Celebrations \/ Events"},"content":{"rendered":"<div class=\"wpb-content-wrapper\"><p>[vc_row content_placement=&#8221;middle&#8221;][vc_column width=&#8221;1\/2&#8243;]<div class=\"ult-spacer spacer-69d1a74bd348c\" data-id=\"69d1a74bd348c\" data-height=\"100\" data-height-mobile=\"100\" data-height-tab=\"100\" data-height-tab-portrait=\"\" data-height-mobile-landscape=\"\" style=\"clear:both;display:block;\"><\/div>[vc_single_image image=&#8221;697&#8243; img_size=&#8221;1200&#215;1600&#8243; css=&#8221;.vc_custom_1766056506903{margin-bottom: 0px !important;}&#8221;]<div class=\"ult-spacer spacer-69d1a74bd34ca\" data-id=\"69d1a74bd34ca\" data-height=\"100\" data-height-mobile=\"50\" data-height-tab=\"\" data-height-tab-portrait=\"\" data-height-mobile-landscape=\"\" style=\"clear:both;display:block;\"><\/div>[\/vc_column][vc_column width=&#8221;1\/2&#8243;]<div class=\"ult-spacer spacer-69d1a74bd34ef\" data-id=\"69d1a74bd34ef\" data-height=\"100\" data-height-mobile=\"0\" data-height-tab=\"\" data-height-tab-portrait=\"\" data-height-mobile-landscape=\"\" style=\"clear:both;display:block;\"><\/div>[vc_custom_heading text=&#8221;Celebrations &amp; Private Events&#8221; font_container=&#8221;tag:h1|text_align:left&#8221; use_theme_fonts=&#8221;yes&#8221; css=&#8221;&#8221;][vc_custom_heading text=&#8221;AN AUTHENTIC SETTING FOR YOUR MOST PRECIOUS MOMENTS&#8221; use_theme_fonts=&#8221;yes&#8221; css=&#8221;&#8221;]<div class=\"ult-spacer spacer-69d1a74bd3519\" data-id=\"69d1a74bd3519\" data-height=\"20\" data-height-mobile=\"0\" data-height-tab=\"\" data-height-tab-portrait=\"\" data-height-mobile-landscape=\"\" style=\"clear:both;display:block;\"><\/div>[vc_column_text css=&#8221;.vc_custom_1763998199417{margin-bottom: 10px !important;}&#8221;]At Le Mas de Guilles, every event naturally becomes a special occasion.<\/p>\n<p>Set in an authentic environment, at the heart of a three-hectare estate, birthdays, family gatherings, or celebrations with friends find a harmonious setting where conviviality meets discretion.<br \/>\nThe various spaces of the property\u2014shaded terraces, warm lounges, and a wooded park\u2014make it possible to imagine a tailor-made reception, at your own pace.<\/p>\n<p>Our team supports you throughout the planning process, from selecting the spaces to culinary suggestions, to create a day that truly reflects you, simply and effortlessly.[\/vc_column_text]<div class=\"ult-spacer spacer-69d1a74bd3533\" data-id=\"69d1a74bd3533\" data-height=\"20\" data-height-mobile=\"0\" data-height-tab=\"\" data-height-tab-portrait=\"\" data-height-mobile-landscape=\"\" style=\"clear:both;display:block;\"><\/div><style type=\"text\/css\" data-type=\"the7_shortcodes-inline-css\">#default-btn-1979be634c0015aba732d92c194bd1e5.ico-right-side > i {\n  margin-right: 0px;\n  margin-left: 10px;\n}\n#default-btn-1979be634c0015aba732d92c194bd1e5 > i {\n  margin-right: 10px;\n}<\/style><div class=\"btn-align-left\"><a href=\"mailto:commercial@masdeguilles.com\" class=\"default-btn-shortcode dt-btn dt-btn-m link-hover-off \" id=\"default-btn-1979be634c0015aba732d92c194bd1e5\" title=\"Contact us\"><i class=\"icomoon-the7-font-the7-mail-011\"><\/i><span>CONTACT US FOR A PERSONALISED REQUEST<\/span><\/a><\/div><div class=\"ult-spacer spacer-69d1a74bd365a\" data-id=\"69d1a74bd365a\" data-height=\"100\" data-height-mobile=\"50\" data-height-tab=\"\" data-height-tab-portrait=\"\" data-height-mobile-landscape=\"\" style=\"clear:both;display:block;\"><\/div>[\/vc_column][\/vc_row][vc_row full_width=&#8221;stretch_row_content_no_spaces&#8221; type=&#8221;vc_default&#8221; css=&#8221;.vc_custom_1762468236807{margin-top: 0px !important;padding-top: 0px !important;background-position: center !important;background-repeat: no-repeat !important;background-size: cover !important;}&#8221;][vc_column css=&#8221;.vc_custom_1699523036787{padding-top: 0px !important;}&#8221;][vc_single_image image=&#8221;698&#8243; img_size=&#8221;full&#8221; alignment=&#8221;center&#8221; css=&#8221;.vc_custom_1763998684990{margin-top: 0px !important;margin-right: 0px !important;margin-bottom: 0px !important;margin-left: 0px !important;border-top-width: 0px !important;border-right-width: 0px !important;border-bottom-width: 0px !important;border-left-width: 0px !important;padding-top: 0px !important;padding-right: 0px !important;padding-bottom: 0px !important;padding-left: 0px !important;}&#8221;][\/vc_column][\/vc_row][vc_row][vc_column width=&#8221;1\/6&#8243;][\/vc_column][vc_column width=&#8221;2\/3&#8243;]<div class=\"ult-spacer spacer-69d1a74bd367a\" data-id=\"69d1a74bd367a\" data-height=\"100\" data-height-mobile=\"0\" data-height-tab=\"\" data-height-tab-portrait=\"\" data-height-mobile-landscape=\"\" style=\"clear:both;display:block;\"><\/div>[vc_custom_heading text=&#8221;An Intimate Wedding in Provence&#8221; font_container=&#8221;tag:h1|text_align:center&#8221; use_theme_fonts=&#8221;yes&#8221; css=&#8221;&#8221;][vc_custom_heading text=&#8221;A UNIQUE DAY IN A NATURAL AND ELEGANT SETTING&#8221; font_container=&#8221;tag:h2|text_align:center&#8221; use_theme_fonts=&#8221;yes&#8221; css=&#8221;&#8221;]<div class=\"ult-spacer spacer-69d1a74bd3696\" data-id=\"69d1a74bd3696\" data-height=\"20\" data-height-mobile=\"0\" data-height-tab=\"\" data-height-tab-portrait=\"\" data-height-mobile-landscape=\"\" style=\"clear:both;display:block;\"><\/div>[vc_column_text css=&#8221;.vc_custom_1765203611829{margin-bottom: 10px !important;}&#8221;]<\/p>\n<p style=\"text-align: center;\">To celebrate a lifetime union, Le Mas de Guilles offers a setting filled with softness and character.<br \/>\nUnder the light of the Luberon, the ceremony can take place in the park, among century-old trees,<br \/>\nor on one of the terraces framed by ancient stone.<\/p>\n<p style=\"text-align: center;\">Les Terrasses de Guilles, our bistronomic restaurant, offers refined cuisine that showcases<br \/>\nthe finest local produce.<\/p>\n<p style=\"text-align: center;\">Fully dedicated to your special day, the hotel becomes the setting for an intimate wedding<br \/>\nwhere every detail matters.<br \/>\nAn elegant, natural, and welcoming atmosphere for an unforgettable memory.<\/p>\n<p>[\/vc_column_text]<div class=\"ult-spacer spacer-69d1a74bd36af\" data-id=\"69d1a74bd36af\" data-height=\"100\" data-height-mobile=\"50\" data-height-tab=\"\" data-height-tab-portrait=\"\" data-height-mobile-landscape=\"\" style=\"clear:both;display:block;\"><\/div>[\/vc_column][vc_column width=&#8221;1\/6&#8243;][\/vc_column][\/vc_row][vc_row full_width=&#8221;stretch_row_content_no_spaces&#8221; type=&#8221;vc_default&#8221; css=&#8221;.vc_custom_1699458741602{background-position: center !important;background-repeat: no-repeat !important;background-size: cover !important;}&#8221;][vc_column css=&#8221;.vc_custom_1699524849412{padding-top: 0px !important;}&#8221;][vc_single_image image=&#8221;699&#8243; img_size=&#8221;full&#8221; alignment=&#8221;center&#8221; css=&#8221;.vc_custom_1763998735257{margin-top: 0px !important;margin-right: 0px !important;margin-bottom: 0px !important;margin-left: 0px !important;border-top-width: 0px !important;border-right-width: 0px !important;border-bottom-width: 0px !important;border-left-width: 0px !important;padding-top: 0px !important;padding-right: 0px !important;padding-bottom: 0px !important;padding-left: 0px !important;}&#8221;][\/vc_column][\/vc_row][vc_row content_placement=&#8221;middle&#8221;][vc_column width=&#8221;1\/2&#8243; css=&#8221;.vc_custom_1700587249894{padding-top: 0px !important;}&#8221;]<div class=\"ult-spacer spacer-69d1a74bd36c7\" data-id=\"69d1a74bd36c7\" data-height=\"100\" data-height-mobile=\"100\" data-height-tab=\"100\" data-height-tab-portrait=\"\" data-height-mobile-landscape=\"\" style=\"clear:both;display:block;\"><\/div>[vc_single_image image=&#8221;700&#8243; img_size=&#8221;1000&#215;1000&#8243; css=&#8221;.vc_custom_1763998449640{margin-bottom: 0px !important;}&#8221;][\/vc_column][vc_column width=&#8221;1\/2&#8243; css=&#8221;.vc_custom_1700587258531{padding-top: 0px !important;}&#8221;]<div class=\"ult-spacer spacer-69d1a74bd36ee\" data-id=\"69d1a74bd36ee\" data-height=\"100\" data-height-mobile=\"50\" data-height-tab=\"\" data-height-tab-portrait=\"\" data-height-mobile-landscape=\"\" style=\"clear:both;display:block;\"><\/div>[vc_custom_heading text=&#8221;Tailored Support&#8221; font_container=&#8221;tag:h1|text_align:left&#8221; use_theme_fonts=&#8221;yes&#8221; css=&#8221;&#8221;][vc_custom_heading text=&#8221;DEDICATED SERVICES FOR A STRESS-FREE ORGANISATION&#8221; use_theme_fonts=&#8221;yes&#8221; css=&#8221;&#8221;]<div class=\"ult-spacer spacer-69d1a74bd3705\" data-id=\"69d1a74bd3705\" data-height=\"20\" data-height-mobile=\"0\" data-height-tab=\"\" data-height-tab-portrait=\"\" data-height-mobile-landscape=\"\" style=\"clear:both;display:block;\"><\/div>[vc_column_text css=&#8221;.vc_custom_1765203132514{margin-bottom: 10px !important;}&#8221;]Whether you are planning a festive meal, an outdoor cocktail reception, or an entire weekend centered around your event, our team designs services tailored to your wishes.<\/p>\n<p>Partial or full privatization, guidance in selecting service providers, on-site accommodation, and dedicated menus: everything is thoughtfully arranged to simplify your planning and allow you to enjoy every moment.<\/p>\n<p>Le Mas de Guilles stands out for its simple and attentive approach, with a strong focus on quality and authenticity.<\/p>\n<p>Each celebration becomes a smooth, harmonious, and welcoming experience,<br \/>\nset in the exceptional surroundings of the Luberon.[\/vc_column_text]<div class=\"ult-spacer spacer-69d1a74bd371b\" data-id=\"69d1a74bd371b\" data-height=\"100\" data-height-mobile=\"0\" data-height-tab=\"\" data-height-tab-portrait=\"\" data-height-mobile-landscape=\"\" style=\"clear:both;display:block;\"><\/div>[\/vc_column][\/vc_row][vc_row full_width=&#8221;stretch_row_content_no_spaces&#8221; type=&#8221;vc_default&#8221; css=&#8221;.vc_custom_1763650714813{background-position: center !important;background-repeat: no-repeat !important;background-size: cover !important;}&#8221;][vc_column css=&#8221;.vc_custom_1699524849412{padding-top: 0px !important;}&#8221;]<div class=\"ult-spacer spacer-69d1a74bd3730\" data-id=\"69d1a74bd3730\" data-height=\"100\" data-height-mobile=\"100\" data-height-tab=\"100\" data-height-tab-portrait=\"\" data-height-mobile-landscape=\"\" style=\"clear:both;display:block;\"><\/div>[\/vc_column][\/vc_row][vc_row full_width=&#8221;stretch_row_content_no_spaces&#8221; type=&#8221;vc_default&#8221;][vc_column css=&#8221;.vc_custom_1699527067217{padding-top: 0px !important;}&#8221;]<div class=\"sbvcgmap-map-wrapper\" style=\"width:100%;height:500px\"><div class=\"sbvcgmap-map\" zoom=\"9\" maptype=\"ROADMAP\" panoramatogglebutton=\"no\" pancontrol=\"yes\" pancontrol_position=\"TOP_LEFT\" zoomcontrol=\"yes\" zoomcontrol_position=\"TOP_LEFT\" zoomcontrolstyle=\"DEFAULT\" maptypecontrol=\"no\" maptypecontrol_position=\"TOP_RIGHT\" streetviewcontrol=\"no\" streetviewcontrol_position=\"TOP_LEFT\" overviewmapcontrol=\"yes\" overviewmapcontrolvisible=\"no\" maptypecontrolstyle=\"DEFAULT\" mapstyle=\"style-2\" weather=\"no\" traffic=\"no\" transit=\"no\" bicycle=\"no\" panoramio=\"no\" draggable=\"yes\" scrollwheel=\"no\" cplatitude=\"43.775548341795\" cplongitude=\"5.3823459544412\" scalecontrol=\"yes\" searchtype=\"disabled\" searchradius=\"500\" searchiconanimation=\"NONE\" searchdirectiontext=\"\" reloadonresize=\"no\" clustering=\"no\" style=\"width:100%;height:500px\"><div class=\"sbvcgmap-marker\" data-lat=\"43.775548341795\" data-lng=\"5.3823459544412\" infowindow=\"no\" icon=\"https:\/\/masdeguilles.com\/wp-content\/uploads\/2025\/11\/Epingle-Mas-de-Guilles.png\" animation=\"NONE\" customstyles=\"no\" ><\/p>\n<p style=\"text-align: center;\"><strong>Le Mas de Guilles<\/strong><br \/>\n84160 Lourmarin<\/p>\n<p><\/div><\/div><\/div>[\/vc_column][\/vc_row]<\/p>\n<\/div>","protected":false},"excerpt":{"rendered":"<p>[vc_row content_placement=&#8221;middle&#8221;][vc_column width=&#8221;1\/2&#8243;][vc_single_image image=&#8221;697&#8243; img_size=&#8221;1200&#215;1600&#8243; css=&#8221;.vc_custom_1766056506903{margin-bottom: 0px !important;}&#8221;][\/vc_column][vc_column width=&#8221;1\/2&#8243;][vc_custom_heading text=&#8221;Celebrations &amp; Private Events&#8221; font_container=&#8221;tag:h1|text_align:left&#8221; use_theme_fonts=&#8221;yes&#8221; css=&#8221;&#8221;][vc_custom_heading text=&#8221;AN AUTHENTIC SETTING FOR YOUR MOST PRECIOUS MOMENTS&#8221; use_theme_fonts=&#8221;yes&#8221; css=&#8221;&#8221;][vc_column_text css=&#8221;.vc_custom_1763998199417{margin-bottom: 10px !important;}&#8221;]At Le Mas de Guilles, every event naturally becomes a special occasion. Set in an authentic environment, at the heart of a three-hectare estate, birthdays, family gatherings,&hellip;<\/p>\n","protected":false},"author":1,"featured_media":0,"parent":0,"menu_order":7,"comment_status":"closed","ping_status":"closed","template":"","meta":{"footnotes":""},"class_list":["post-701","page","type-page","status-publish","hentry","description-off"],"yoast_head":"<!-- This site is optimized with the Yoast SEO plugin v27.3 - https:\/\/yoast.com\/product\/yoast-seo-wordpress\/ -->\n<title>Celebrations \/ Events - Mas de Guilles - H\u00f4tel &amp; Restaurant 4* \u00e0 Lourmarin - Lub\u00e9ron<\/title>\n<meta name=\"description\" content=\"Event venue in the Luberon for private occasions: 3-hectare park, natural setting, accommodations, restaurant, and bespoke event planning\" \/>\n<meta name=\"robots\" content=\"index, follow, max-snippet:-1, max-image-preview:large, max-video-preview:-1\" \/>\n<link rel=\"canonical\" href=\"https:\/\/masdeguilles.com\/en\/celebrations-events\/\" \/>\n<meta property=\"og:locale\" content=\"en_US\" \/>\n<meta property=\"og:type\" content=\"article\" \/>\n<meta property=\"og:title\" content=\"Celebrations \/ Events - Mas de Guilles - H\u00f4tel &amp; Restaurant 4* \u00e0 Lourmarin - Lub\u00e9ron\" \/>\n<meta property=\"og:description\" content=\"Event venue in the Luberon for private occasions: 3-hectare park, natural setting, accommodations, restaurant, and bespoke event planning\" \/>\n<meta property=\"og:url\" content=\"https:\/\/masdeguilles.com\/en\/celebrations-events\/\" \/>\n<meta property=\"og:site_name\" content=\"Mas de Guilles - H\u00f4tel &amp; Restaurant 4* \u00e0 Lourmarin - Lub\u00e9ron\" \/>\n<meta property=\"article:publisher\" content=\"https:\/\/www.facebook.com\/profile.php?id=61584392271061\" \/>\n<meta property=\"article:modified_time\" content=\"2026-01-05T13:03:47+00:00\" \/>\n<meta name=\"twitter:card\" content=\"summary_large_image\" \/>\n<meta name=\"twitter:label1\" content=\"Est. reading time\" \/>\n\t<meta name=\"twitter:data1\" content=\"4 minutes\" \/>\n<script type=\"application\/ld+json\" class=\"yoast-schema-graph\">{\"@context\":\"https:\\\/\\\/schema.org\",\"@graph\":[{\"@type\":\"WebPage\",\"@id\":\"https:\\\/\\\/masdeguilles.com\\\/en\\\/celebrations-events\\\/\",\"url\":\"https:\\\/\\\/masdeguilles.com\\\/en\\\/celebrations-events\\\/\",\"name\":\"Celebrations \\\/ Events - Mas de Guilles - H\u00f4tel &amp; Restaurant 4* \u00e0 Lourmarin - Lub\u00e9ron\",\"isPartOf\":{\"@id\":\"https:\\\/\\\/masdeguilles.com\\\/#website\"},\"datePublished\":\"2025-11-24T15:28:01+00:00\",\"dateModified\":\"2026-01-05T13:03:47+00:00\",\"description\":\"Event venue in the Luberon for private occasions: 3-hectare park, natural setting, accommodations, restaurant, and bespoke event planning\",\"breadcrumb\":{\"@id\":\"https:\\\/\\\/masdeguilles.com\\\/en\\\/celebrations-events\\\/#breadcrumb\"},\"inLanguage\":\"en-US\",\"potentialAction\":[{\"@type\":\"ReadAction\",\"target\":[\"https:\\\/\\\/masdeguilles.com\\\/en\\\/celebrations-events\\\/\"]}]},{\"@type\":\"BreadcrumbList\",\"@id\":\"https:\\\/\\\/masdeguilles.com\\\/en\\\/celebrations-events\\\/#breadcrumb\",\"itemListElement\":[{\"@type\":\"ListItem\",\"position\":1,\"name\":\"Accueil\",\"item\":\"https:\\\/\\\/masdeguilles.com\\\/en\\\/\"},{\"@type\":\"ListItem\",\"position\":2,\"name\":\"Celebrations \\\/ Events\"}]},{\"@type\":\"WebSite\",\"@id\":\"https:\\\/\\\/masdeguilles.com\\\/#website\",\"url\":\"https:\\\/\\\/masdeguilles.com\\\/\",\"name\":\"Mas de Guilles - H\u00f4tel & Restaurant 4* \u00e0 Lourmarin - Lub\u00e9ron\",\"description\":\"Un site d\u00e9velopp\u00e9 par PMT Hotels\",\"publisher\":{\"@id\":\"https:\\\/\\\/masdeguilles.com\\\/#organization\"},\"potentialAction\":[{\"@type\":\"SearchAction\",\"target\":{\"@type\":\"EntryPoint\",\"urlTemplate\":\"https:\\\/\\\/masdeguilles.com\\\/?s={search_term_string}\"},\"query-input\":{\"@type\":\"PropertyValueSpecification\",\"valueRequired\":true,\"valueName\":\"search_term_string\"}}],\"inLanguage\":\"en-US\"},{\"@type\":\"Organization\",\"@id\":\"https:\\\/\\\/masdeguilles.com\\\/#organization\",\"name\":\"Mas de Guilles - H\u00f4tel & Restaurant 4* \u00e0 Lourmarin - Lub\u00e9ron\",\"url\":\"https:\\\/\\\/masdeguilles.com\\\/\",\"logo\":{\"@type\":\"ImageObject\",\"inLanguage\":\"en-US\",\"@id\":\"https:\\\/\\\/masdeguilles.com\\\/#\\\/schema\\\/logo\\\/image\\\/\",\"url\":\"https:\\\/\\\/masdeguilles.com\\\/wp-content\\\/uploads\\\/2025\\\/11\\\/Logo-Mas-de-Guilles-Marron-300.png\",\"contentUrl\":\"https:\\\/\\\/masdeguilles.com\\\/wp-content\\\/uploads\\\/2025\\\/11\\\/Logo-Mas-de-Guilles-Marron-300.png\",\"width\":300,\"height\":150,\"caption\":\"Mas de Guilles - H\u00f4tel & Restaurant 4* \u00e0 Lourmarin - Lub\u00e9ron\"},\"image\":{\"@id\":\"https:\\\/\\\/masdeguilles.com\\\/#\\\/schema\\\/logo\\\/image\\\/\"},\"sameAs\":[\"https:\\\/\\\/www.facebook.com\\\/profile.php?id=61584392271061\",\"https:\\\/\\\/www.instagram.com\\\/lemasdeguilles\\\/\",\"https:\\\/\\\/www.linkedin.com\\\/company\\\/le-mas-de-guilles-lourmarin\\\/posts\\\/?feedView=all\"]}]}<\/script>\n<!-- \/ Yoast SEO plugin. -->","yoast_head_json":{"title":"Celebrations \/ Events - Mas de Guilles - H\u00f4tel &amp; Restaurant 4* \u00e0 Lourmarin - Lub\u00e9ron","description":"Event venue in the Luberon for private occasions: 3-hectare park, natural setting, accommodations, restaurant, and bespoke event planning","robots":{"index":"index","follow":"follow","max-snippet":"max-snippet:-1","max-image-preview":"max-image-preview:large","max-video-preview":"max-video-preview:-1"},"canonical":"https:\/\/masdeguilles.com\/en\/celebrations-events\/","og_locale":"en_US","og_type":"article","og_title":"Celebrations \/ Events - Mas de Guilles - H\u00f4tel &amp; Restaurant 4* \u00e0 Lourmarin - Lub\u00e9ron","og_description":"Event venue in the Luberon for private occasions: 3-hectare park, natural setting, accommodations, restaurant, and bespoke event planning","og_url":"https:\/\/masdeguilles.com\/en\/celebrations-events\/","og_site_name":"Mas de Guilles - H\u00f4tel &amp; Restaurant 4* \u00e0 Lourmarin - Lub\u00e9ron","article_publisher":"https:\/\/www.facebook.com\/profile.php?id=61584392271061","article_modified_time":"2026-01-05T13:03:47+00:00","twitter_card":"summary_large_image","twitter_misc":{"Est. reading time":"4 minutes"},"schema":{"@context":"https:\/\/schema.org","@graph":[{"@type":"WebPage","@id":"https:\/\/masdeguilles.com\/en\/celebrations-events\/","url":"https:\/\/masdeguilles.com\/en\/celebrations-events\/","name":"Celebrations \/ Events - Mas de Guilles - H\u00f4tel &amp; Restaurant 4* \u00e0 Lourmarin - Lub\u00e9ron","isPartOf":{"@id":"https:\/\/masdeguilles.com\/#website"},"datePublished":"2025-11-24T15:28:01+00:00","dateModified":"2026-01-05T13:03:47+00:00","description":"Event venue in the Luberon for private occasions: 3-hectare park, natural setting, accommodations, restaurant, and bespoke event planning","breadcrumb":{"@id":"https:\/\/masdeguilles.com\/en\/celebrations-events\/#breadcrumb"},"inLanguage":"en-US","potentialAction":[{"@type":"ReadAction","target":["https:\/\/masdeguilles.com\/en\/celebrations-events\/"]}]},{"@type":"BreadcrumbList","@id":"https:\/\/masdeguilles.com\/en\/celebrations-events\/#breadcrumb","itemListElement":[{"@type":"ListItem","position":1,"name":"Accueil","item":"https:\/\/masdeguilles.com\/en\/"},{"@type":"ListItem","position":2,"name":"Celebrations \/ Events"}]},{"@type":"WebSite","@id":"https:\/\/masdeguilles.com\/#website","url":"https:\/\/masdeguilles.com\/","name":"Mas de Guilles - H\u00f4tel & Restaurant 4* \u00e0 Lourmarin - Lub\u00e9ron","description":"Un site d\u00e9velopp\u00e9 par PMT Hotels","publisher":{"@id":"https:\/\/masdeguilles.com\/#organization"},"potentialAction":[{"@type":"SearchAction","target":{"@type":"EntryPoint","urlTemplate":"https:\/\/masdeguilles.com\/?s={search_term_string}"},"query-input":{"@type":"PropertyValueSpecification","valueRequired":true,"valueName":"search_term_string"}}],"inLanguage":"en-US"},{"@type":"Organization","@id":"https:\/\/masdeguilles.com\/#organization","name":"Mas de Guilles - H\u00f4tel & Restaurant 4* \u00e0 Lourmarin - Lub\u00e9ron","url":"https:\/\/masdeguilles.com\/","logo":{"@type":"ImageObject","inLanguage":"en-US","@id":"https:\/\/masdeguilles.com\/#\/schema\/logo\/image\/","url":"https:\/\/masdeguilles.com\/wp-content\/uploads\/2025\/11\/Logo-Mas-de-Guilles-Marron-300.png","contentUrl":"https:\/\/masdeguilles.com\/wp-content\/uploads\/2025\/11\/Logo-Mas-de-Guilles-Marron-300.png","width":300,"height":150,"caption":"Mas de Guilles - H\u00f4tel & Restaurant 4* \u00e0 Lourmarin - Lub\u00e9ron"},"image":{"@id":"https:\/\/masdeguilles.com\/#\/schema\/logo\/image\/"},"sameAs":["https:\/\/www.facebook.com\/profile.php?id=61584392271061","https:\/\/www.instagram.com\/lemasdeguilles\/","https:\/\/www.linkedin.com\/company\/le-mas-de-guilles-lourmarin\/posts\/?feedView=all"]}]}},"_links":{"self":[{"href":"https:\/\/masdeguilles.com\/en\/wp-json\/wp\/v2\/pages\/701","targetHints":{"allow":["GET"]}}],"collection":[{"href":"https:\/\/masdeguilles.com\/en\/wp-json\/wp\/v2\/pages"}],"about":[{"href":"https:\/\/masdeguilles.com\/en\/wp-json\/wp\/v2\/types\/page"}],"author":[{"embeddable":true,"href":"https:\/\/masdeguilles.com\/en\/wp-json\/wp\/v2\/users\/1"}],"replies":[{"embeddable":true,"href":"https:\/\/masdeguilles.com\/en\/wp-json\/wp\/v2\/comments?post=701"}],"version-history":[{"count":9,"href":"https:\/\/masdeguilles.com\/en\/wp-json\/wp\/v2\/pages\/701\/revisions"}],"predecessor-version":[{"id":807,"href":"https:\/\/masdeguilles.com\/en\/wp-json\/wp\/v2\/pages\/701\/revisions\/807"}],"wp:attachment":[{"href":"https:\/\/masdeguilles.com\/en\/wp-json\/wp\/v2\/media?parent=701"}],"curies":[{"name":"wp","href":"https:\/\/api.w.org\/{rel}","templated":true}]}}