{"id":673,"date":"2025-11-21T13:09:50","date_gmt":"2025-11-21T12:09:50","guid":{"rendered":"https:\/\/masdeguilles.com\/seminar\/"},"modified":"2026-01-05T14:02:29","modified_gmt":"2026-01-05T13:02:29","slug":"seminar","status":"publish","type":"page","link":"https:\/\/masdeguilles.com\/en\/seminar\/","title":{"rendered":"Seminar"},"content":{"rendered":"<div class=\"wpb-content-wrapper\"><p>[vc_row][vc_column width=&#8221;1\/4&#8243;][\/vc_column][vc_column width=&#8221;1\/2&#8243;]<div class=\"ult-spacer spacer-69d20236b328e\" data-id=\"69d20236b328e\" data-height=\"100\" data-height-mobile=\"50\" data-height-tab=\"\" data-height-tab-portrait=\"\" data-height-mobile-landscape=\"\" style=\"clear:both;display:block;\"><\/div>[vc_custom_heading text=&#8221;Your Seminar in the Luberon&#8221; font_container=&#8221;tag:h1|text_align:center&#8221; use_theme_fonts=&#8221;yes&#8221; css=&#8221;&#8221;][vc_custom_heading text=&#8221;A SETTING DESIGNED FOR WORK AND FOCUS&#8221; font_container=&#8221;tag:h2|text_align:center&#8221; use_theme_fonts=&#8221;yes&#8221; css=&#8221;&#8221;]<div class=\"ult-spacer spacer-69d20236b32bf\" data-id=\"69d20236b32bf\" data-height=\"20\" data-height-mobile=\"0\" data-height-tab=\"\" data-height-tab-portrait=\"\" data-height-mobile-landscape=\"\" style=\"clear:both;display:block;\"><\/div>[vc_column_text css=&#8221;.vc_custom_1765196947367{margin-bottom: 10px !important;}&#8221;]<\/p>\n<p style=\"text-align: center;\">Located just minutes from Lourmarin, Le Mas de Guilles hotel offers an environment perfectly suited to professional meetings.<\/p>\n<p style=\"text-align: center;\">The 3-hectare estate, the peaceful surroundings and the character of the property create ideal conditions for reflection and team cohesion.<\/p>\n<p style=\"text-align: center;\">Our establishment combines comfort, accessibility and a high standard of hospitality.<\/p>\n<p>[\/vc_column_text]<div class=\"ult-spacer spacer-69d20236b32da\" data-id=\"69d20236b32da\" data-height=\"50\" data-height-mobile=\"25\" data-height-tab=\"\" data-height-tab-portrait=\"\" data-height-mobile-landscape=\"\" style=\"clear:both;display:block;\"><\/div><style type=\"text\/css\" data-type=\"the7_shortcodes-inline-css\">#default-btn-0b6e9518a9a4c06f36345275f831b417.ico-right-side > i {\n  margin-right: 0px;\n  margin-left: 10px;\n}\n#default-btn-0b6e9518a9a4c06f36345275f831b417 > i {\n  margin-right: 10px;\n}<\/style><div class=\"btn-align-center\"><a href=\"mailto:commercial@masdeguilles.com\" class=\"default-btn-shortcode dt-btn dt-btn-m link-hover-off \" id=\"default-btn-0b6e9518a9a4c06f36345275f831b417\" title=\"Contact us\"><i class=\"icomoon-the7-font-the7-mail-011\"><\/i><span>CONTACT US FOR A PERSONALISED REQUEST<\/span><\/a><\/div><div class=\"ult-spacer spacer-69d20236b33a6\" data-id=\"69d20236b33a6\" data-height=\"50\" data-height-mobile=\"25\" data-height-tab=\"\" data-height-tab-portrait=\"\" data-height-mobile-landscape=\"\" style=\"clear:both;display:block;\"><\/div>[vc_accordion active_tab=&#8221;false&#8221; title_size=&#8221;h2&#8243; style=&#8221;3&#8243;][vc_accordion_tab title=&#8221;ACTIVITIES TO ENERGIZE YOUR SEMINAR&#8221;][vc_column_text css=&#8221;&#8221;]Le Mas de Guilles offers several areas dedicated to leisure activities:<br \/>\n. Tennis court<br \/>\n. P\u00e9tanque court<br \/>\n. Outdoor swimming pool<br \/>\n. Walks in the park<br \/>\n. Wine tasting<br \/>\n. Team-building activities available on request<\/p>\n<p>These informal moments help strengthen team cohesion and encourage more spontaneous interactions within the group.[\/vc_column_text][\/vc_accordion_tab][vc_accordion_tab title=&#8221;AVAILABLE EQUIPMENT&#8221;][vc_column_text css=&#8221;&#8221;]. Interactive screen with integrated note-taking (compatible with wired and wireless screen sharing \u2013 Android 13 operating system)<\/p>\n<p>. 4K 360\u00b0 camera for videoconferencing<\/p>\n<p>. Unlimited high-speed Wi-Fi throughout the property[\/vc_column_text][\/vc_accordion_tab][vc_accordion_tab title=&#8221;SERVICES OFFERED&#8221;][vc_column_text css=&#8221;&#8221;]. Welcome coffee (Nespresso and tea self-service)<\/p>\n<p>. Mineral water bottles provided<\/p>\n<p>. Gourmet breaks available on request<\/p>\n<p>. Dedicated menu at Les Terrasses de Guilles<\/p>\n<p>. On-site accommodation[\/vc_column_text][\/vc_accordion_tab][\/vc_accordion]<div class=\"ult-spacer spacer-69d20236b33bd\" data-id=\"69d20236b33bd\" data-height=\"100\" data-height-mobile=\"50\" data-height-tab=\"\" data-height-tab-portrait=\"\" data-height-mobile-landscape=\"\" style=\"clear:both;display:block;\"><\/div>[\/vc_column][vc_column width=&#8221;1\/4&#8243;][\/vc_column][\/vc_row][vc_row full_width=&#8221;stretch_row_content_no_spaces&#8221; type=&#8221;vc_default&#8221; css=&#8221;.vc_custom_1763727046327{margin-top: 0px !important;padding-top: 0px !important;background-position: center !important;background-repeat: no-repeat !important;background-size: cover !important;}&#8221;][vc_column css=&#8221;.vc_custom_1699523036787{padding-top: 0px !important;}&#8221;][vc_single_image image=&#8221;671&#8243; img_size=&#8221;full&#8221; alignment=&#8221;center&#8221; css=&#8221;.vc_custom_1763727117702{margin-top: 0px !important;margin-right: 0px !important;margin-bottom: 0px !important;margin-left: 0px !important;border-top-width: 0px !important;border-right-width: 0px !important;border-bottom-width: 0px !important;border-left-width: 0px !important;padding-top: 0px !important;padding-right: 0px !important;padding-bottom: 0px !important;padding-left: 0px !important;}&#8221;][\/vc_column][\/vc_row][vc_row][vc_column width=&#8221;1\/6&#8243;][\/vc_column][vc_column width=&#8221;2\/3&#8243;]<div class=\"ult-spacer spacer-69d20236b33d0\" data-id=\"69d20236b33d0\" data-height=\"100\" data-height-mobile=\"0\" data-height-tab=\"\" data-height-tab-portrait=\"\" data-height-mobile-landscape=\"\" style=\"clear:both;display:block;\"><\/div>[vc_custom_heading text=&#8221;A Calm Natural Environment&#8221; font_container=&#8221;tag:h1|text_align:center&#8221; use_theme_fonts=&#8221;yes&#8221; css=&#8221;&#8221;]<div class=\"ult-spacer spacer-69d20236b33e3\" data-id=\"69d20236b33e3\" data-height=\"20\" data-height-mobile=\"0\" data-height-tab=\"\" data-height-tab-portrait=\"\" data-height-mobile-landscape=\"\" style=\"clear:both;display:block;\"><\/div>[vc_column_text css=&#8221;.vc_custom_1766067720234{margin-bottom: 10px !important;}&#8221;]<\/p>\n<p style=\"text-align: center;\">Set in the heart of a wooded park with views of the Luberon massif, Le Mas de Guilles allows for a balanced mix of work time and relaxation.<br \/>\nThe estate\u2019s natural atmosphere supports focus, while providing participants with<br \/>\nspaces to unwind between sessions.<\/p>\n<p>[\/vc_column_text]<div class=\"ult-spacer spacer-69d20236b33f3\" data-id=\"69d20236b33f3\" data-height=\"50\" data-height-mobile=\"0\" data-height-tab=\"\" data-height-tab-portrait=\"\" data-height-mobile-landscape=\"\" style=\"clear:both;display:block;\"><\/div>[\/vc_column][vc_column width=&#8221;1\/6&#8243;][\/vc_column][\/vc_row][vc_row content_placement=&#8221;middle&#8221;][vc_column width=&#8221;1\/2&#8243; css=&#8221;.vc_custom_1700587249894{padding-top: 0px !important;}&#8221;]<div class=\"ult-spacer spacer-69d20236b3403\" data-id=\"69d20236b3403\" data-height=\"100\" data-height-mobile=\"50\" data-height-tab=\"\" data-height-tab-portrait=\"\" data-height-mobile-landscape=\"\" style=\"clear:both;display:block;\"><\/div>[vc_single_image image=&#8221;672&#8243; img_size=&#8221;1000&#215;1000&#8243; alignment=&#8221;center&#8221; css=&#8221;.vc_custom_1763727282526{margin-bottom: 0px !important;}&#8221;]<div class=\"ult-spacer spacer-69d20236b3412\" data-id=\"69d20236b3412\" data-height=\"20\" data-height-mobile=\"0\" data-height-tab=\"\" data-height-tab-portrait=\"\" data-height-mobile-landscape=\"\" style=\"clear:both;display:block;\"><\/div>[\/vc_column][vc_column width=&#8221;1\/2&#8243; css=&#8221;.vc_custom_1700587258531{padding-top: 0px !important;}&#8221;]<div class=\"ult-spacer spacer-69d20236b3421\" data-id=\"69d20236b3421\" data-height=\"100\" data-height-mobile=\"25\" data-height-tab=\"\" data-height-tab-portrait=\"\" data-height-mobile-landscape=\"\" style=\"clear:both;display:block;\"><\/div>[vc_custom_heading text=&#8221;Carefully Crafted Catering&#8221; font_container=&#8221;tag:h1|text_align:left&#8221; use_theme_fonts=&#8221;yes&#8221; css=&#8221;&#8221;]<div class=\"ult-spacer spacer-69d20236b342f\" data-id=\"69d20236b342f\" data-height=\"20\" data-height-mobile=\"0\" data-height-tab=\"\" data-height-tab-portrait=\"\" data-height-mobile-landscape=\"\" style=\"clear:both;display:block;\"><\/div>[vc_column_text css=&#8221;.vc_custom_1763727313151{margin-bottom: 10px !important;}&#8221;]The restaurant Les Terrasses de Guilles welcomes participants with meals prepared using seasonal ingredients.<\/p>\n<p>The Chef\u2019s cuisine offers a fresh take on classic French dishes, with a simple yet refined approach.<\/p>\n<p>Aperitifs, dinners in the dining room or on the terrace, and visits to the kitchen garden complete the experience, all in a convivial and high-quality setting.[\/vc_column_text]<style type=\"text\/css\" data-type=\"the7_shortcodes-inline-css\">#default-btn-1ff105b1a6aff08288c1ca9b747a4334.ico-right-side > i {\n  margin-right: 0px;\n  margin-left: 8px;\n}\n#default-btn-1ff105b1a6aff08288c1ca9b747a4334 > i {\n  margin-right: 8px;\n}<\/style><div class=\"btn-align-left\"><a href=\"https:\/\/masdeguilles.com\/en\/catering\/\" class=\"default-btn-shortcode dt-btn dt-btn-m link-hover-off \" id=\"default-btn-1ff105b1a6aff08288c1ca9b747a4334\" title=\"Restaurant\"><span>Discover our restaurant<\/span><\/a><\/div>[\/vc_column][\/vc_row][vc_row full_width=&#8221;stretch_row_content_no_spaces&#8221; type=&#8221;vc_default&#8221; css=&#8221;.vc_custom_1763727502168{background-position: center !important;background-repeat: no-repeat !important;background-size: cover !important;}&#8221;][vc_column css=&#8221;.vc_custom_1699524849412{padding-top: 0px !important;}&#8221;]<div class=\"ult-spacer spacer-69d20236b34ae\" data-id=\"69d20236b34ae\" data-height=\"100\" data-height-mobile=\"100\" data-height-tab=\"100\" data-height-tab-portrait=\"\" data-height-mobile-landscape=\"\" style=\"clear:both;display:block;\"><\/div>[\/vc_column][\/vc_row][vc_row full_width=&#8221;stretch_row_content_no_spaces&#8221; type=&#8221;vc_default&#8221;][vc_column css=&#8221;.vc_custom_1699527067217{padding-top: 0px !important;}&#8221;]<div class=\"sbvcgmap-map-wrapper\" style=\"width:100%;height:500px\"><div class=\"sbvcgmap-map\" zoom=\"9\" maptype=\"ROADMAP\" panoramatogglebutton=\"no\" pancontrol=\"yes\" pancontrol_position=\"TOP_LEFT\" zoomcontrol=\"yes\" zoomcontrol_position=\"TOP_LEFT\" zoomcontrolstyle=\"DEFAULT\" maptypecontrol=\"no\" maptypecontrol_position=\"TOP_RIGHT\" streetviewcontrol=\"no\" streetviewcontrol_position=\"TOP_LEFT\" overviewmapcontrol=\"yes\" overviewmapcontrolvisible=\"no\" maptypecontrolstyle=\"DEFAULT\" mapstyle=\"style-2\" weather=\"no\" traffic=\"no\" transit=\"no\" bicycle=\"no\" panoramio=\"no\" draggable=\"yes\" scrollwheel=\"no\" cplatitude=\"43.775548341795\" cplongitude=\"5.3823459544412\" scalecontrol=\"yes\" searchtype=\"disabled\" searchradius=\"500\" searchiconanimation=\"NONE\" searchdirectiontext=\"\" reloadonresize=\"no\" clustering=\"no\" style=\"width:100%;height:500px\"><div class=\"sbvcgmap-marker\" data-lat=\"43.775548341795\" data-lng=\"5.3823459544412\" infowindow=\"no\" icon=\"https:\/\/masdeguilles.com\/wp-content\/uploads\/2025\/11\/Epingle-Mas-de-Guilles.png\" animation=\"NONE\" customstyles=\"no\" ><\/p>\n<p style=\"text-align: center;\"><strong>Le Mas de Guilles<\/strong><br \/>\n84160 Lourmarin<\/p>\n<p><\/div><\/div><\/div>[\/vc_column][\/vc_row]<\/p>\n<\/div>","protected":false},"excerpt":{"rendered":"<p>[vc_row][vc_column width=&#8221;1\/4&#8243;][\/vc_column][vc_column width=&#8221;1\/2&#8243;][vc_custom_heading text=&#8221;Your Seminar in the Luberon&#8221; font_container=&#8221;tag:h1|text_align:center&#8221; use_theme_fonts=&#8221;yes&#8221; css=&#8221;&#8221;][vc_custom_heading text=&#8221;A SETTING DESIGNED FOR WORK AND FOCUS&#8221; font_container=&#8221;tag:h2|text_align:center&#8221; use_theme_fonts=&#8221;yes&#8221; css=&#8221;&#8221;][vc_column_text css=&#8221;.vc_custom_1765196947367{margin-bottom: 10px !important;}&#8221;] Located just minutes from Lourmarin, Le Mas de Guilles hotel offers an environment perfectly suited to professional meetings. The 3-hectare estate, the peaceful surroundings and the character of the property create&hellip;<\/p>\n","protected":false},"author":1,"featured_media":0,"parent":0,"menu_order":6,"comment_status":"closed","ping_status":"closed","template":"","meta":{"footnotes":""},"class_list":["post-673","page","type-page","status-publish","hentry","description-off"],"yoast_head":"<!-- This site is optimized with the Yoast SEO plugin v27.3 - https:\/\/yoast.com\/product\/yoast-seo-wordpress\/ -->\n<title>Seminar - Mas de Guilles - H\u00f4tel &amp; Restaurant 4* \u00e0 Lourmarin - Lub\u00e9ron<\/title>\n<meta name=\"description\" content=\"4-star luxury hotel located in the Luberon within a large park, featuring a restaurant, pool, and tennis. Experience Provence\u2019s culture, gastronomy, and hiking\" \/>\n<meta name=\"robots\" content=\"index, follow, max-snippet:-1, max-image-preview:large, max-video-preview:-1\" \/>\n<link rel=\"canonical\" href=\"https:\/\/masdeguilles.com\/en\/seminar\/\" \/>\n<meta property=\"og:locale\" content=\"en_US\" \/>\n<meta property=\"og:type\" content=\"article\" \/>\n<meta property=\"og:title\" content=\"Seminar - Mas de Guilles - H\u00f4tel &amp; Restaurant 4* \u00e0 Lourmarin - Lub\u00e9ron\" \/>\n<meta property=\"og:description\" content=\"4-star luxury hotel located in the Luberon within a large park, featuring a restaurant, pool, and tennis. Experience Provence\u2019s culture, gastronomy, and hiking\" \/>\n<meta property=\"og:url\" content=\"https:\/\/masdeguilles.com\/en\/seminar\/\" \/>\n<meta property=\"og:site_name\" content=\"Mas de Guilles - H\u00f4tel &amp; Restaurant 4* \u00e0 Lourmarin - Lub\u00e9ron\" \/>\n<meta property=\"article:publisher\" content=\"https:\/\/www.facebook.com\/profile.php?id=61584392271061\" \/>\n<meta property=\"article:modified_time\" content=\"2026-01-05T13:02:29+00:00\" \/>\n<meta name=\"twitter:card\" content=\"summary_large_image\" \/>\n<meta name=\"twitter:label1\" content=\"Est. reading time\" \/>\n\t<meta name=\"twitter:data1\" content=\"3 minutes\" \/>\n<script type=\"application\/ld+json\" class=\"yoast-schema-graph\">{\"@context\":\"https:\\\/\\\/schema.org\",\"@graph\":[{\"@type\":\"WebPage\",\"@id\":\"https:\\\/\\\/masdeguilles.com\\\/en\\\/seminar\\\/\",\"url\":\"https:\\\/\\\/masdeguilles.com\\\/en\\\/seminar\\\/\",\"name\":\"Seminar - Mas de Guilles - H\u00f4tel &amp; Restaurant 4* \u00e0 Lourmarin - Lub\u00e9ron\",\"isPartOf\":{\"@id\":\"https:\\\/\\\/masdeguilles.com\\\/#website\"},\"datePublished\":\"2025-11-21T12:09:50+00:00\",\"dateModified\":\"2026-01-05T13:02:29+00:00\",\"description\":\"4-star luxury hotel located in the Luberon within a large park, featuring a restaurant, pool, and tennis. Experience Provence\u2019s culture, gastronomy, and hiking\",\"breadcrumb\":{\"@id\":\"https:\\\/\\\/masdeguilles.com\\\/en\\\/seminar\\\/#breadcrumb\"},\"inLanguage\":\"en-US\",\"potentialAction\":[{\"@type\":\"ReadAction\",\"target\":[\"https:\\\/\\\/masdeguilles.com\\\/en\\\/seminar\\\/\"]}]},{\"@type\":\"BreadcrumbList\",\"@id\":\"https:\\\/\\\/masdeguilles.com\\\/en\\\/seminar\\\/#breadcrumb\",\"itemListElement\":[{\"@type\":\"ListItem\",\"position\":1,\"name\":\"Accueil\",\"item\":\"https:\\\/\\\/masdeguilles.com\\\/en\\\/\"},{\"@type\":\"ListItem\",\"position\":2,\"name\":\"Seminar\"}]},{\"@type\":\"WebSite\",\"@id\":\"https:\\\/\\\/masdeguilles.com\\\/#website\",\"url\":\"https:\\\/\\\/masdeguilles.com\\\/\",\"name\":\"Mas de Guilles - H\u00f4tel & Restaurant 4* \u00e0 Lourmarin - Lub\u00e9ron\",\"description\":\"Un site d\u00e9velopp\u00e9 par PMT Hotels\",\"publisher\":{\"@id\":\"https:\\\/\\\/masdeguilles.com\\\/#organization\"},\"potentialAction\":[{\"@type\":\"SearchAction\",\"target\":{\"@type\":\"EntryPoint\",\"urlTemplate\":\"https:\\\/\\\/masdeguilles.com\\\/?s={search_term_string}\"},\"query-input\":{\"@type\":\"PropertyValueSpecification\",\"valueRequired\":true,\"valueName\":\"search_term_string\"}}],\"inLanguage\":\"en-US\"},{\"@type\":\"Organization\",\"@id\":\"https:\\\/\\\/masdeguilles.com\\\/#organization\",\"name\":\"Mas de Guilles - H\u00f4tel & Restaurant 4* \u00e0 Lourmarin - Lub\u00e9ron\",\"url\":\"https:\\\/\\\/masdeguilles.com\\\/\",\"logo\":{\"@type\":\"ImageObject\",\"inLanguage\":\"en-US\",\"@id\":\"https:\\\/\\\/masdeguilles.com\\\/#\\\/schema\\\/logo\\\/image\\\/\",\"url\":\"https:\\\/\\\/masdeguilles.com\\\/wp-content\\\/uploads\\\/2025\\\/11\\\/Logo-Mas-de-Guilles-Marron-300.png\",\"contentUrl\":\"https:\\\/\\\/masdeguilles.com\\\/wp-content\\\/uploads\\\/2025\\\/11\\\/Logo-Mas-de-Guilles-Marron-300.png\",\"width\":300,\"height\":150,\"caption\":\"Mas de Guilles - H\u00f4tel & Restaurant 4* \u00e0 Lourmarin - Lub\u00e9ron\"},\"image\":{\"@id\":\"https:\\\/\\\/masdeguilles.com\\\/#\\\/schema\\\/logo\\\/image\\\/\"},\"sameAs\":[\"https:\\\/\\\/www.facebook.com\\\/profile.php?id=61584392271061\",\"https:\\\/\\\/www.instagram.com\\\/lemasdeguilles\\\/\",\"https:\\\/\\\/www.linkedin.com\\\/company\\\/le-mas-de-guilles-lourmarin\\\/posts\\\/?feedView=all\"]}]}<\/script>\n<!-- \/ Yoast SEO plugin. -->","yoast_head_json":{"title":"Seminar - Mas de Guilles - H\u00f4tel &amp; Restaurant 4* \u00e0 Lourmarin - Lub\u00e9ron","description":"4-star luxury hotel located in the Luberon within a large park, featuring a restaurant, pool, and tennis. Experience Provence\u2019s culture, gastronomy, and hiking","robots":{"index":"index","follow":"follow","max-snippet":"max-snippet:-1","max-image-preview":"max-image-preview:large","max-video-preview":"max-video-preview:-1"},"canonical":"https:\/\/masdeguilles.com\/en\/seminar\/","og_locale":"en_US","og_type":"article","og_title":"Seminar - Mas de Guilles - H\u00f4tel &amp; Restaurant 4* \u00e0 Lourmarin - Lub\u00e9ron","og_description":"4-star luxury hotel located in the Luberon within a large park, featuring a restaurant, pool, and tennis. Experience Provence\u2019s culture, gastronomy, and hiking","og_url":"https:\/\/masdeguilles.com\/en\/seminar\/","og_site_name":"Mas de Guilles - H\u00f4tel &amp; Restaurant 4* \u00e0 Lourmarin - Lub\u00e9ron","article_publisher":"https:\/\/www.facebook.com\/profile.php?id=61584392271061","article_modified_time":"2026-01-05T13:02:29+00:00","twitter_card":"summary_large_image","twitter_misc":{"Est. reading time":"3 minutes"},"schema":{"@context":"https:\/\/schema.org","@graph":[{"@type":"WebPage","@id":"https:\/\/masdeguilles.com\/en\/seminar\/","url":"https:\/\/masdeguilles.com\/en\/seminar\/","name":"Seminar - Mas de Guilles - H\u00f4tel &amp; Restaurant 4* \u00e0 Lourmarin - Lub\u00e9ron","isPartOf":{"@id":"https:\/\/masdeguilles.com\/#website"},"datePublished":"2025-11-21T12:09:50+00:00","dateModified":"2026-01-05T13:02:29+00:00","description":"4-star luxury hotel located in the Luberon within a large park, featuring a restaurant, pool, and tennis. Experience Provence\u2019s culture, gastronomy, and hiking","breadcrumb":{"@id":"https:\/\/masdeguilles.com\/en\/seminar\/#breadcrumb"},"inLanguage":"en-US","potentialAction":[{"@type":"ReadAction","target":["https:\/\/masdeguilles.com\/en\/seminar\/"]}]},{"@type":"BreadcrumbList","@id":"https:\/\/masdeguilles.com\/en\/seminar\/#breadcrumb","itemListElement":[{"@type":"ListItem","position":1,"name":"Accueil","item":"https:\/\/masdeguilles.com\/en\/"},{"@type":"ListItem","position":2,"name":"Seminar"}]},{"@type":"WebSite","@id":"https:\/\/masdeguilles.com\/#website","url":"https:\/\/masdeguilles.com\/","name":"Mas de Guilles - H\u00f4tel & Restaurant 4* \u00e0 Lourmarin - Lub\u00e9ron","description":"Un site d\u00e9velopp\u00e9 par PMT Hotels","publisher":{"@id":"https:\/\/masdeguilles.com\/#organization"},"potentialAction":[{"@type":"SearchAction","target":{"@type":"EntryPoint","urlTemplate":"https:\/\/masdeguilles.com\/?s={search_term_string}"},"query-input":{"@type":"PropertyValueSpecification","valueRequired":true,"valueName":"search_term_string"}}],"inLanguage":"en-US"},{"@type":"Organization","@id":"https:\/\/masdeguilles.com\/#organization","name":"Mas de Guilles - H\u00f4tel & Restaurant 4* \u00e0 Lourmarin - Lub\u00e9ron","url":"https:\/\/masdeguilles.com\/","logo":{"@type":"ImageObject","inLanguage":"en-US","@id":"https:\/\/masdeguilles.com\/#\/schema\/logo\/image\/","url":"https:\/\/masdeguilles.com\/wp-content\/uploads\/2025\/11\/Logo-Mas-de-Guilles-Marron-300.png","contentUrl":"https:\/\/masdeguilles.com\/wp-content\/uploads\/2025\/11\/Logo-Mas-de-Guilles-Marron-300.png","width":300,"height":150,"caption":"Mas de Guilles - H\u00f4tel & Restaurant 4* \u00e0 Lourmarin - Lub\u00e9ron"},"image":{"@id":"https:\/\/masdeguilles.com\/#\/schema\/logo\/image\/"},"sameAs":["https:\/\/www.facebook.com\/profile.php?id=61584392271061","https:\/\/www.instagram.com\/lemasdeguilles\/","https:\/\/www.linkedin.com\/company\/le-mas-de-guilles-lourmarin\/posts\/?feedView=all"]}]}},"_links":{"self":[{"href":"https:\/\/masdeguilles.com\/en\/wp-json\/wp\/v2\/pages\/673","targetHints":{"allow":["GET"]}}],"collection":[{"href":"https:\/\/masdeguilles.com\/en\/wp-json\/wp\/v2\/pages"}],"about":[{"href":"https:\/\/masdeguilles.com\/en\/wp-json\/wp\/v2\/types\/page"}],"author":[{"embeddable":true,"href":"https:\/\/masdeguilles.com\/en\/wp-json\/wp\/v2\/users\/1"}],"replies":[{"embeddable":true,"href":"https:\/\/masdeguilles.com\/en\/wp-json\/wp\/v2\/comments?post=673"}],"version-history":[{"count":11,"href":"https:\/\/masdeguilles.com\/en\/wp-json\/wp\/v2\/pages\/673\/revisions"}],"predecessor-version":[{"id":809,"href":"https:\/\/masdeguilles.com\/en\/wp-json\/wp\/v2\/pages\/673\/revisions\/809"}],"wp:attachment":[{"href":"https:\/\/masdeguilles.com\/en\/wp-json\/wp\/v2\/media?parent=673"}],"curies":[{"name":"wp","href":"https:\/\/api.w.org\/{rel}","templated":true}]}}