{"id":664,"date":"2025-11-20T15:46:38","date_gmt":"2025-11-20T14:46:38","guid":{"rendered":"https:\/\/masdeguilles.com\/activites-et-nature\/"},"modified":"2026-01-05T13:50:55","modified_gmt":"2026-01-05T12:50:55","slug":"activities-nature","status":"publish","type":"page","link":"https:\/\/masdeguilles.com\/en\/activities-nature\/","title":{"rendered":"Activities and nature"},"content":{"rendered":"<div class=\"wpb-content-wrapper\"><p>[vc_row content_placement=&#8221;middle&#8221;][vc_column width=&#8221;1\/2&#8243;]<div class=\"ult-spacer spacer-69d1fe3c75a76\" data-id=\"69d1fe3c75a76\" data-height=\"100\" data-height-mobile=\"100\" data-height-tab=\"100\" data-height-tab-portrait=\"\" data-height-mobile-landscape=\"\" style=\"clear:both;display:block;\"><\/div>[vc_single_image image=&#8221;660&#8243; img_size=&#8221;1000&#215;1000&#8243; css=&#8221;.vc_custom_1763650095788{margin-bottom: 0px !important;}&#8221;]<div class=\"ult-spacer spacer-69d1fe3c75aa5\" data-id=\"69d1fe3c75aa5\" data-height=\"100\" data-height-mobile=\"50\" data-height-tab=\"\" data-height-tab-portrait=\"\" data-height-mobile-landscape=\"\" style=\"clear:both;display:block;\"><\/div>[\/vc_column][vc_column width=&#8221;1\/2&#8243;]<div class=\"ult-spacer spacer-69d1fe3c75ac1\" data-id=\"69d1fe3c75ac1\" data-height=\"100\" data-height-mobile=\"0\" data-height-tab=\"\" data-height-tab-portrait=\"\" data-height-mobile-landscape=\"\" style=\"clear:both;display:block;\"><\/div>[vc_custom_heading text=&#8221;Le Mas de Guilles&#8221; font_container=&#8221;tag:h1|text_align:left&#8221; use_theme_fonts=&#8221;yes&#8221; css=&#8221;&#8221;][vc_custom_heading text=&#8221;HOTEL WITH PARK AND SWIMMING POOL IN THE LUBERON&#8221; use_theme_fonts=&#8221;yes&#8221; css=&#8221;&#8221;]<div class=\"ult-spacer spacer-69d1fe3c75ad5\" data-id=\"69d1fe3c75ad5\" data-height=\"20\" data-height-mobile=\"0\" data-height-tab=\"\" data-height-tab-portrait=\"\" data-height-mobile-landscape=\"\" style=\"clear:both;display:block;\"><\/div>[vc_column_text css=&#8221;.vc_custom_1763650132009{margin-bottom: 10px !important;}&#8221;]The Mas de Guilles estate covers 3 hectares, where cypress trees, olive trees, century-old plane trees and flowering beds blend harmoniously.<br \/>\nTree-lined paths, stone walls and the water basin create a preserved natural setting, ideal for peace and relaxation.<\/p>\n<p>The entire property forms a landscaped, well-maintained park, thoughtfully designed to offer restful spaces and smooth circulation throughout the grounds.[\/vc_column_text]<div class=\"ult-spacer spacer-69d1fe3c75ae7\" data-id=\"69d1fe3c75ae7\" data-height=\"100\" data-height-mobile=\"50\" data-height-tab=\"\" data-height-tab-portrait=\"\" data-height-mobile-landscape=\"\" style=\"clear:both;display:block;\"><\/div>[\/vc_column][\/vc_row][vc_row full_width=&#8221;stretch_row_content_no_spaces&#8221; type=&#8221;vc_default&#8221; css=&#8221;.vc_custom_1762468236807{margin-top: 0px !important;padding-top: 0px !important;background-position: center !important;background-repeat: no-repeat !important;background-size: cover !important;}&#8221;][vc_column css=&#8221;.vc_custom_1699523036787{padding-top: 0px !important;}&#8221;][vc_single_image image=&#8221;661&#8243; img_size=&#8221;full&#8221; alignment=&#8221;center&#8221; css=&#8221;.vc_custom_1763650180079{margin-top: 0px !important;margin-right: 0px !important;margin-bottom: 0px !important;margin-left: 0px !important;border-top-width: 0px !important;border-right-width: 0px !important;border-bottom-width: 0px !important;border-left-width: 0px !important;padding-top: 0px !important;padding-right: 0px !important;padding-bottom: 0px !important;padding-left: 0px !important;}&#8221;][\/vc_column][\/vc_row][vc_row][vc_column width=&#8221;1\/6&#8243;][\/vc_column][vc_column width=&#8221;2\/3&#8243;]<div class=\"ult-spacer spacer-69d1fe3c75af8\" data-id=\"69d1fe3c75af8\" data-height=\"100\" data-height-mobile=\"0\" data-height-tab=\"\" data-height-tab-portrait=\"\" data-height-mobile-landscape=\"\" style=\"clear:both;display:block;\"><\/div>[vc_custom_heading text=&#8221;The Mas Swimming Pool&#8221; font_container=&#8221;tag:h1|text_align:center&#8221; use_theme_fonts=&#8221;yes&#8221; css=&#8221;&#8221;][vc_custom_heading text=&#8221;BETWEEN NATURE AND TRANQUILLITY&#8221; font_container=&#8221;tag:h2|text_align:center&#8221; use_theme_fonts=&#8221;yes&#8221; css=&#8221;&#8221;]<div class=\"ult-spacer spacer-69d1fe3c75b08\" data-id=\"69d1fe3c75b08\" data-height=\"20\" data-height-mobile=\"0\" data-height-tab=\"\" data-height-tab-portrait=\"\" data-height-mobile-landscape=\"\" style=\"clear:both;display:block;\"><\/div>[vc_column_text css=&#8221;.vc_custom_1766066484821{margin-bottom: 10px !important;}&#8221;]<\/p>\n<p style=\"text-align: center;\">Just steps from the main house, the outdoor swimming pool offers a bright and inviting setting for a few laps, a moment of rest or a break in the sun. Around the pool, stone terraces and sun loungers set on the lawn create a welcoming space from morning until evening.<\/p>\n<p style=\"text-align: center;\">After a day exploring the Luberon, or from the very first moments of the day, the pool naturally becomes an<br \/>\nideal place to unwind in complete tranquillity.<\/p>\n<p>[\/vc_column_text]<div class=\"ult-spacer spacer-69d1fe3c75b1b\" data-id=\"69d1fe3c75b1b\" data-height=\"100\" data-height-mobile=\"50\" data-height-tab=\"\" data-height-tab-portrait=\"\" data-height-mobile-landscape=\"\" style=\"clear:both;display:block;\"><\/div>[\/vc_column][vc_column width=&#8221;1\/6&#8243;][\/vc_column][\/vc_row][vc_row full_width=&#8221;stretch_row_content_no_spaces&#8221; type=&#8221;vc_default&#8221; css=&#8221;.vc_custom_1699458741602{background-position: center !important;background-repeat: no-repeat !important;background-size: cover !important;}&#8221;][vc_column css=&#8221;.vc_custom_1699524849412{padding-top: 0px !important;}&#8221;][vc_single_image image=&#8221;662&#8243; img_size=&#8221;full&#8221; alignment=&#8221;center&#8221; css=&#8221;.vc_custom_1763650257129{margin-top: 0px !important;margin-right: 0px !important;margin-bottom: 0px !important;margin-left: 0px !important;border-top-width: 0px !important;border-right-width: 0px !important;border-bottom-width: 0px !important;border-left-width: 0px !important;padding-top: 0px !important;padding-right: 0px !important;padding-bottom: 0px !important;padding-left: 0px !important;}&#8221;][\/vc_column][\/vc_row][vc_row][vc_column width=&#8221;1\/6&#8243;][\/vc_column][vc_column width=&#8221;2\/3&#8243;]<div class=\"ult-spacer spacer-69d1fe3c75b2b\" data-id=\"69d1fe3c75b2b\" data-height=\"100\" data-height-mobile=\"0\" data-height-tab=\"\" data-height-tab-portrait=\"\" data-height-mobile-landscape=\"\" style=\"clear:both;display:block;\"><\/div>[vc_custom_heading text=&#8221;The Pool Bar&#8221; font_container=&#8221;tag:h1|text_align:center&#8221; use_theme_fonts=&#8221;yes&#8221; css=&#8221;&#8221;][vc_custom_heading text=&#8221;RELAXATION AND REFRESHMENTS BY THE WATER&#8221; font_container=&#8221;tag:h2|text_align:center&#8221; use_theme_fonts=&#8221;yes&#8221; css=&#8221;&#8221;]<div class=\"ult-spacer spacer-69d1fe3c75b3a\" data-id=\"69d1fe3c75b3a\" data-height=\"20\" data-height-mobile=\"0\" data-height-tab=\"\" data-height-tab-portrait=\"\" data-height-mobile-landscape=\"\" style=\"clear:both;display:block;\"><\/div>[vc_column_text css=&#8221;.vc_custom_1766066590825{margin-bottom: 10px !important;}&#8221;]<\/p>\n<p style=\"text-align: center;\">At the Mas de Guilles Pool Bar, relaxation comes naturally.<br \/>\nOpen during the day until 8:30 p.m., you can enjoy an aperitif by the water or treat yourself to our snack selection, available throughout the day until 5:30 p.m.<\/p>\n<p style=\"text-align: center;\">Make yourself comfortable on a sun lounger or at one of the tables in the large covered area,<br \/>\nand enjoy a friendly, attentive service.<br \/>\nWhether you are sharing a convivial moment with friends, taking a refreshing break or enjoying a light bite,<br \/>\nthe bar turns your poolside moments into a pleasant and relaxing interlude.<\/p>\n<p>[\/vc_column_text][\/vc_column][vc_column width=&#8221;1\/6&#8243;][\/vc_column][\/vc_row][vc_row content_placement=&#8221;middle&#8221;][vc_column width=&#8221;1\/2&#8243; css=&#8221;.vc_custom_1700587249894{padding-top: 0px !important;}&#8221;]<div class=\"ult-spacer spacer-69d1fe3c75b4a\" data-id=\"69d1fe3c75b4a\" data-height=\"100\" data-height-mobile=\"100\" data-height-tab=\"100\" data-height-tab-portrait=\"\" data-height-mobile-landscape=\"\" style=\"clear:both;display:block;\"><\/div>[vc_single_image image=&#8221;663&#8243; img_size=&#8221;1000&#215;1000&#8243; css=&#8221;.vc_custom_1763650323996{margin-bottom: 0px !important;}&#8221;][\/vc_column][vc_column width=&#8221;1\/2&#8243; css=&#8221;.vc_custom_1700587258531{padding-top: 0px !important;}&#8221;]<div class=\"ult-spacer spacer-69d1fe3c75b58\" data-id=\"69d1fe3c75b58\" data-height=\"100\" data-height-mobile=\"25\" data-height-tab=\"\" data-height-tab-portrait=\"\" data-height-mobile-landscape=\"\" style=\"clear:both;display:block;\"><\/div>[vc_custom_heading text=&#8221;Leisure Areas&#8221; font_container=&#8221;tag:h1|text_align:left&#8221; use_theme_fonts=&#8221;yes&#8221; css=&#8221;&#8221;][vc_custom_heading text=&#8221;ACTIVITIES FOR EVERYONE&#8221; use_theme_fonts=&#8221;yes&#8221; css=&#8221;&#8221;]<div class=\"ult-spacer spacer-69d1fe3c75b66\" data-id=\"69d1fe3c75b66\" data-height=\"20\" data-height-mobile=\"0\" data-height-tab=\"\" data-height-tab-portrait=\"\" data-height-mobile-landscape=\"\" style=\"clear:both;display:block;\"><\/div>[vc_column_text css=&#8221;.vc_custom_1766765974006{margin-bottom: 10px !important;}&#8221;]The park also offers several outdoor activities, including a tennis court, a p\u00e9tanque court, shaded areas deigned for relaxation\u00a0and a kitchen garden to discover.<\/p>\n<p>Boules for p\u00e9tanque are available by the court, allowing everyone to enjoy the game with ease. They are freely accessible: you can use them at any time during your stay without prior reservation.<\/p>\n<p>These facilities make it easy to vary your moments of relaxation, combining individual activities with shared experiences.<\/p>\n<p>The setting is designed to offer a simple, friendly and accessible experience for all.[\/vc_column_text]<div class=\"ult-spacer spacer-69d1fe3c75b74\" data-id=\"69d1fe3c75b74\" data-height=\"100\" data-height-mobile=\"0\" data-height-tab=\"\" data-height-tab-portrait=\"\" data-height-mobile-landscape=\"\" style=\"clear:both;display:block;\"><\/div>[\/vc_column][\/vc_row][vc_row full_width=&#8221;stretch_row_content_no_spaces&#8221; type=&#8221;vc_default&#8221; css=&#8221;.vc_custom_1765202393175{background-position: center !important;background-repeat: no-repeat !important;background-size: cover !important;}&#8221;][vc_column css=&#8221;.vc_custom_1699524849412{padding-top: 0px !important;}&#8221;]<div class=\"ult-spacer spacer-69d1fe3c75b82\" data-id=\"69d1fe3c75b82\" data-height=\"100\" data-height-mobile=\"50\" data-height-tab=\"\" data-height-tab-portrait=\"\" data-height-mobile-landscape=\"\" style=\"clear:both;display:block;\"><\/div>[\/vc_column][\/vc_row][vc_row full_width=&#8221;stretch_row_content_no_spaces&#8221; disable_element=&#8221;yes&#8221; type=&#8221;vc_default&#8221;][vc_column css=&#8221;.vc_custom_1699527067217{padding-top: 0px !important;}&#8221;]<div class=\"sbvcgmap-map-wrapper\" style=\"width:100%;height:500px\"><div class=\"sbvcgmap-map\" zoom=\"9\" maptype=\"ROADMAP\" panoramatogglebutton=\"no\" pancontrol=\"yes\" pancontrol_position=\"TOP_LEFT\" zoomcontrol=\"yes\" zoomcontrol_position=\"TOP_LEFT\" zoomcontrolstyle=\"DEFAULT\" maptypecontrol=\"no\" maptypecontrol_position=\"TOP_RIGHT\" streetviewcontrol=\"no\" streetviewcontrol_position=\"TOP_LEFT\" overviewmapcontrol=\"yes\" overviewmapcontrolvisible=\"no\" maptypecontrolstyle=\"DEFAULT\" mapstyle=\"style-2\" weather=\"no\" traffic=\"no\" transit=\"no\" bicycle=\"no\" panoramio=\"no\" draggable=\"yes\" scrollwheel=\"no\" cplatitude=\"43.775548341795\" cplongitude=\"5.3823459544412\" scalecontrol=\"yes\" searchtype=\"disabled\" searchradius=\"500\" searchiconanimation=\"NONE\" searchdirectiontext=\"\" reloadonresize=\"no\" clustering=\"no\" style=\"width:100%;height:500px\"><div class=\"sbvcgmap-marker\" data-lat=\"43.775548341795\" data-lng=\"5.3823459544412\" infowindow=\"no\" icon=\"https:\/\/masdeguilles.com\/wp-content\/uploads\/2025\/11\/Epingle-Mas-de-Guilles.png\" animation=\"NONE\" customstyles=\"no\" ><\/p>\n<p style=\"text-align: center;\"><strong>Le Mas de Guilles<\/strong><br \/>\n84160 Lourmarin<\/p>\n<p><\/div><\/div><\/div>[\/vc_column][\/vc_row]<\/p>\n<\/div>","protected":false},"excerpt":{"rendered":"<p>[vc_row content_placement=&#8221;middle&#8221;][vc_column width=&#8221;1\/2&#8243;][vc_single_image image=&#8221;660&#8243; img_size=&#8221;1000&#215;1000&#8243; css=&#8221;.vc_custom_1763650095788{margin-bottom: 0px !important;}&#8221;][\/vc_column][vc_column width=&#8221;1\/2&#8243;][vc_custom_heading text=&#8221;Le Mas de Guilles&#8221; font_container=&#8221;tag:h1|text_align:left&#8221; use_theme_fonts=&#8221;yes&#8221; css=&#8221;&#8221;][vc_custom_heading text=&#8221;HOTEL WITH PARK AND SWIMMING POOL IN THE LUBERON&#8221; use_theme_fonts=&#8221;yes&#8221; css=&#8221;&#8221;][vc_column_text css=&#8221;.vc_custom_1763650132009{margin-bottom: 10px !important;}&#8221;]The Mas de Guilles estate covers 3 hectares, where cypress trees, olive trees, century-old plane trees and flowering beds blend harmoniously. Tree-lined paths, stone walls and&hellip;<\/p>\n","protected":false},"author":1,"featured_media":0,"parent":0,"menu_order":5,"comment_status":"closed","ping_status":"closed","template":"","meta":{"footnotes":""},"class_list":["post-664","page","type-page","status-publish","hentry","description-off"],"yoast_head":"<!-- This site is optimized with the Yoast SEO plugin v27.3 - https:\/\/yoast.com\/product\/yoast-seo-wordpress\/ -->\n<title>Activities and nature - Mas de Guilles - H\u00f4tel &amp; Restaurant 4* \u00e0 Lourmarin - Lub\u00e9ron<\/title>\n<meta name=\"description\" content=\"4-star luxury hotel located in the Luberon within a large park, featuring a restaurant, pool, and tennis. Experience Provence\u2019s culture, gastronomy, and hiking\" \/>\n<meta name=\"robots\" content=\"index, follow, max-snippet:-1, max-image-preview:large, max-video-preview:-1\" \/>\n<link rel=\"canonical\" href=\"https:\/\/masdeguilles.com\/en\/activities-nature\/\" \/>\n<meta property=\"og:locale\" content=\"en_US\" \/>\n<meta property=\"og:type\" content=\"article\" \/>\n<meta property=\"og:title\" content=\"Activities and nature - Mas de Guilles - H\u00f4tel &amp; Restaurant 4* \u00e0 Lourmarin - Lub\u00e9ron\" \/>\n<meta property=\"og:description\" content=\"4-star luxury hotel located in the Luberon within a large park, featuring a restaurant, pool, and tennis. Experience Provence\u2019s culture, gastronomy, and hiking\" \/>\n<meta property=\"og:url\" content=\"https:\/\/masdeguilles.com\/en\/activities-nature\/\" \/>\n<meta property=\"og:site_name\" content=\"Mas de Guilles - H\u00f4tel &amp; Restaurant 4* \u00e0 Lourmarin - Lub\u00e9ron\" \/>\n<meta property=\"article:publisher\" content=\"https:\/\/www.facebook.com\/profile.php?id=61584392271061\" \/>\n<meta property=\"article:modified_time\" content=\"2026-01-05T12:50:55+00:00\" \/>\n<meta name=\"twitter:card\" content=\"summary_large_image\" \/>\n<meta name=\"twitter:label1\" content=\"Est. reading time\" \/>\n\t<meta name=\"twitter:data1\" content=\"4 minutes\" \/>\n<script type=\"application\/ld+json\" class=\"yoast-schema-graph\">{\"@context\":\"https:\\\/\\\/schema.org\",\"@graph\":[{\"@type\":\"WebPage\",\"@id\":\"https:\\\/\\\/masdeguilles.com\\\/en\\\/activities-nature\\\/\",\"url\":\"https:\\\/\\\/masdeguilles.com\\\/en\\\/activities-nature\\\/\",\"name\":\"Activities and nature - Mas de Guilles - H\u00f4tel &amp; Restaurant 4* \u00e0 Lourmarin - Lub\u00e9ron\",\"isPartOf\":{\"@id\":\"https:\\\/\\\/masdeguilles.com\\\/#website\"},\"datePublished\":\"2025-11-20T14:46:38+00:00\",\"dateModified\":\"2026-01-05T12:50:55+00:00\",\"description\":\"4-star luxury hotel located in the Luberon within a large park, featuring a restaurant, pool, and tennis. Experience Provence\u2019s culture, gastronomy, and hiking\",\"breadcrumb\":{\"@id\":\"https:\\\/\\\/masdeguilles.com\\\/en\\\/activities-nature\\\/#breadcrumb\"},\"inLanguage\":\"en-US\",\"potentialAction\":[{\"@type\":\"ReadAction\",\"target\":[\"https:\\\/\\\/masdeguilles.com\\\/en\\\/activities-nature\\\/\"]}]},{\"@type\":\"BreadcrumbList\",\"@id\":\"https:\\\/\\\/masdeguilles.com\\\/en\\\/activities-nature\\\/#breadcrumb\",\"itemListElement\":[{\"@type\":\"ListItem\",\"position\":1,\"name\":\"Accueil\",\"item\":\"https:\\\/\\\/masdeguilles.com\\\/en\\\/\"},{\"@type\":\"ListItem\",\"position\":2,\"name\":\"Activities and nature\"}]},{\"@type\":\"WebSite\",\"@id\":\"https:\\\/\\\/masdeguilles.com\\\/#website\",\"url\":\"https:\\\/\\\/masdeguilles.com\\\/\",\"name\":\"Mas de Guilles - H\u00f4tel & Restaurant 4* \u00e0 Lourmarin - Lub\u00e9ron\",\"description\":\"Un site d\u00e9velopp\u00e9 par PMT Hotels\",\"publisher\":{\"@id\":\"https:\\\/\\\/masdeguilles.com\\\/#organization\"},\"potentialAction\":[{\"@type\":\"SearchAction\",\"target\":{\"@type\":\"EntryPoint\",\"urlTemplate\":\"https:\\\/\\\/masdeguilles.com\\\/?s={search_term_string}\"},\"query-input\":{\"@type\":\"PropertyValueSpecification\",\"valueRequired\":true,\"valueName\":\"search_term_string\"}}],\"inLanguage\":\"en-US\"},{\"@type\":\"Organization\",\"@id\":\"https:\\\/\\\/masdeguilles.com\\\/#organization\",\"name\":\"Mas de Guilles - H\u00f4tel & Restaurant 4* \u00e0 Lourmarin - Lub\u00e9ron\",\"url\":\"https:\\\/\\\/masdeguilles.com\\\/\",\"logo\":{\"@type\":\"ImageObject\",\"inLanguage\":\"en-US\",\"@id\":\"https:\\\/\\\/masdeguilles.com\\\/#\\\/schema\\\/logo\\\/image\\\/\",\"url\":\"https:\\\/\\\/masdeguilles.com\\\/wp-content\\\/uploads\\\/2025\\\/11\\\/Logo-Mas-de-Guilles-Marron-300.png\",\"contentUrl\":\"https:\\\/\\\/masdeguilles.com\\\/wp-content\\\/uploads\\\/2025\\\/11\\\/Logo-Mas-de-Guilles-Marron-300.png\",\"width\":300,\"height\":150,\"caption\":\"Mas de Guilles - H\u00f4tel & Restaurant 4* \u00e0 Lourmarin - Lub\u00e9ron\"},\"image\":{\"@id\":\"https:\\\/\\\/masdeguilles.com\\\/#\\\/schema\\\/logo\\\/image\\\/\"},\"sameAs\":[\"https:\\\/\\\/www.facebook.com\\\/profile.php?id=61584392271061\",\"https:\\\/\\\/www.instagram.com\\\/lemasdeguilles\\\/\",\"https:\\\/\\\/www.linkedin.com\\\/company\\\/le-mas-de-guilles-lourmarin\\\/posts\\\/?feedView=all\"]}]}<\/script>\n<!-- \/ Yoast SEO plugin. -->","yoast_head_json":{"title":"Activities and nature - Mas de Guilles - H\u00f4tel &amp; Restaurant 4* \u00e0 Lourmarin - Lub\u00e9ron","description":"4-star luxury hotel located in the Luberon within a large park, featuring a restaurant, pool, and tennis. Experience Provence\u2019s culture, gastronomy, and hiking","robots":{"index":"index","follow":"follow","max-snippet":"max-snippet:-1","max-image-preview":"max-image-preview:large","max-video-preview":"max-video-preview:-1"},"canonical":"https:\/\/masdeguilles.com\/en\/activities-nature\/","og_locale":"en_US","og_type":"article","og_title":"Activities and nature - Mas de Guilles - H\u00f4tel &amp; Restaurant 4* \u00e0 Lourmarin - Lub\u00e9ron","og_description":"4-star luxury hotel located in the Luberon within a large park, featuring a restaurant, pool, and tennis. Experience Provence\u2019s culture, gastronomy, and hiking","og_url":"https:\/\/masdeguilles.com\/en\/activities-nature\/","og_site_name":"Mas de Guilles - H\u00f4tel &amp; Restaurant 4* \u00e0 Lourmarin - Lub\u00e9ron","article_publisher":"https:\/\/www.facebook.com\/profile.php?id=61584392271061","article_modified_time":"2026-01-05T12:50:55+00:00","twitter_card":"summary_large_image","twitter_misc":{"Est. reading time":"4 minutes"},"schema":{"@context":"https:\/\/schema.org","@graph":[{"@type":"WebPage","@id":"https:\/\/masdeguilles.com\/en\/activities-nature\/","url":"https:\/\/masdeguilles.com\/en\/activities-nature\/","name":"Activities and nature - Mas de Guilles - H\u00f4tel &amp; Restaurant 4* \u00e0 Lourmarin - Lub\u00e9ron","isPartOf":{"@id":"https:\/\/masdeguilles.com\/#website"},"datePublished":"2025-11-20T14:46:38+00:00","dateModified":"2026-01-05T12:50:55+00:00","description":"4-star luxury hotel located in the Luberon within a large park, featuring a restaurant, pool, and tennis. Experience Provence\u2019s culture, gastronomy, and hiking","breadcrumb":{"@id":"https:\/\/masdeguilles.com\/en\/activities-nature\/#breadcrumb"},"inLanguage":"en-US","potentialAction":[{"@type":"ReadAction","target":["https:\/\/masdeguilles.com\/en\/activities-nature\/"]}]},{"@type":"BreadcrumbList","@id":"https:\/\/masdeguilles.com\/en\/activities-nature\/#breadcrumb","itemListElement":[{"@type":"ListItem","position":1,"name":"Accueil","item":"https:\/\/masdeguilles.com\/en\/"},{"@type":"ListItem","position":2,"name":"Activities and nature"}]},{"@type":"WebSite","@id":"https:\/\/masdeguilles.com\/#website","url":"https:\/\/masdeguilles.com\/","name":"Mas de Guilles - H\u00f4tel & Restaurant 4* \u00e0 Lourmarin - Lub\u00e9ron","description":"Un site d\u00e9velopp\u00e9 par PMT Hotels","publisher":{"@id":"https:\/\/masdeguilles.com\/#organization"},"potentialAction":[{"@type":"SearchAction","target":{"@type":"EntryPoint","urlTemplate":"https:\/\/masdeguilles.com\/?s={search_term_string}"},"query-input":{"@type":"PropertyValueSpecification","valueRequired":true,"valueName":"search_term_string"}}],"inLanguage":"en-US"},{"@type":"Organization","@id":"https:\/\/masdeguilles.com\/#organization","name":"Mas de Guilles - H\u00f4tel & Restaurant 4* \u00e0 Lourmarin - Lub\u00e9ron","url":"https:\/\/masdeguilles.com\/","logo":{"@type":"ImageObject","inLanguage":"en-US","@id":"https:\/\/masdeguilles.com\/#\/schema\/logo\/image\/","url":"https:\/\/masdeguilles.com\/wp-content\/uploads\/2025\/11\/Logo-Mas-de-Guilles-Marron-300.png","contentUrl":"https:\/\/masdeguilles.com\/wp-content\/uploads\/2025\/11\/Logo-Mas-de-Guilles-Marron-300.png","width":300,"height":150,"caption":"Mas de Guilles - H\u00f4tel & Restaurant 4* \u00e0 Lourmarin - Lub\u00e9ron"},"image":{"@id":"https:\/\/masdeguilles.com\/#\/schema\/logo\/image\/"},"sameAs":["https:\/\/www.facebook.com\/profile.php?id=61584392271061","https:\/\/www.instagram.com\/lemasdeguilles\/","https:\/\/www.linkedin.com\/company\/le-mas-de-guilles-lourmarin\/posts\/?feedView=all"]}]}},"_links":{"self":[{"href":"https:\/\/masdeguilles.com\/en\/wp-json\/wp\/v2\/pages\/664","targetHints":{"allow":["GET"]}}],"collection":[{"href":"https:\/\/masdeguilles.com\/en\/wp-json\/wp\/v2\/pages"}],"about":[{"href":"https:\/\/masdeguilles.com\/en\/wp-json\/wp\/v2\/types\/page"}],"author":[{"embeddable":true,"href":"https:\/\/masdeguilles.com\/en\/wp-json\/wp\/v2\/users\/1"}],"replies":[{"embeddable":true,"href":"https:\/\/masdeguilles.com\/en\/wp-json\/wp\/v2\/comments?post=664"}],"version-history":[{"count":9,"href":"https:\/\/masdeguilles.com\/en\/wp-json\/wp\/v2\/pages\/664\/revisions"}],"predecessor-version":[{"id":771,"href":"https:\/\/masdeguilles.com\/en\/wp-json\/wp\/v2\/pages\/664\/revisions\/771"}],"wp:attachment":[{"href":"https:\/\/masdeguilles.com\/en\/wp-json\/wp\/v2\/media?parent=664"}],"curies":[{"name":"wp","href":"https:\/\/api.w.org\/{rel}","templated":true}]}}