{"id":652,"date":"2025-11-24T15:29:02","date_gmt":"2025-11-24T14:29:02","guid":{"rendered":"https:\/\/masdeguilles.com\/luberon\/"},"modified":"2026-02-20T11:34:48","modified_gmt":"2026-02-20T10:34:48","slug":"luberon","status":"publish","type":"page","link":"https:\/\/masdeguilles.com\/en\/luberon\/","title":{"rendered":"Luberon"},"content":{"rendered":"<div class=\"wpb-content-wrapper\"><p>[vc_row content_placement=&#8221;middle&#8221;][vc_column width=&#8221;1\/2&#8243;]<div class=\"ult-spacer spacer-69d1fde71a01e\" data-id=\"69d1fde71a01e\" data-height=\"100\" data-height-mobile=\"100\" data-height-tab=\"100\" data-height-tab-portrait=\"\" data-height-mobile-landscape=\"\" style=\"clear:both;display:block;\"><\/div>[vc_single_image image=&#8221;783&#8243; img_size=&#8221;1000&#215;1000&#8243; css=&#8221;.vc_custom_1766767541662{margin-bottom: 0px !important;}&#8221;]<div class=\"ult-spacer spacer-69d1fde71a051\" data-id=\"69d1fde71a051\" data-height=\"100\" data-height-mobile=\"50\" data-height-tab=\"\" data-height-tab-portrait=\"\" data-height-mobile-landscape=\"\" style=\"clear:both;display:block;\"><\/div>[\/vc_column][vc_column width=&#8221;1\/2&#8243;]<div class=\"ult-spacer spacer-69d1fde71a06b\" data-id=\"69d1fde71a06b\" data-height=\"100\" data-height-mobile=\"0\" data-height-tab=\"\" data-height-tab-portrait=\"\" data-height-mobile-landscape=\"\" style=\"clear:both;display:block;\"><\/div>[vc_custom_heading text=&#8221;The Treasures of Lourmarin&#8221; font_container=&#8221;tag:h1|text_align:left&#8221; use_theme_fonts=&#8221;yes&#8221; css=&#8221;&#8221;][vc_custom_heading text=&#8221;HERITAGE, CULTURE AND THE ART OF LIVING&#8221; use_theme_fonts=&#8221;yes&#8221; css=&#8221;&#8221;]<div class=\"ult-spacer spacer-69d1fde71a07e\" data-id=\"69d1fde71a07e\" data-height=\"20\" data-height-mobile=\"0\" data-height-tab=\"\" data-height-tab-portrait=\"\" data-height-mobile-landscape=\"\" style=\"clear:both;display:block;\"><\/div>[vc_column_text css=&#8221;.vc_custom_1766765052905{margin-bottom: 10px !important;}&#8221;]Just a few minutes from the hotel, Lourmarin boasts a rich and varied cultural heritage. Listed as one of The Most Beautiful Villages of France, it is easily explored by foot.<\/p>\n<p>Visitors can discover :<\/p>\n<p><strong>The Lourmarin Castle<\/strong>, the first Renaissance ch\u00e2teau in Provence, open all year round with events and workshops for families.<br \/>\n<strong>The three bell towers<\/strong> : the 16th-century church, the oldest Protestant temple in Provence (1806), and the 17th-century belfry.<br \/>\n<strong>The heart of the village<\/strong> : narrow streets, medieval houses, small squares and fountains.<br \/>\n<strong>The Lourmarin Market<\/strong>, held every Friday from 8:00 a.m. to 1:00 p.m.<br \/>\nThe producers\u2019 market, from April to October on Tuesday evenings, featuring a chef\u2019s cooking demonstration; opening times vary outside the season.[\/vc_column_text]<div class=\"ult-spacer spacer-69d1fde71a08f\" data-id=\"69d1fde71a08f\" data-height=\"100\" data-height-mobile=\"50\" data-height-tab=\"\" data-height-tab-portrait=\"\" data-height-mobile-landscape=\"\" style=\"clear:both;display:block;\"><\/div>[\/vc_column][\/vc_row][vc_row full_width=&#8221;stretch_row_content_no_spaces&#8221; type=&#8221;vc_default&#8221; css=&#8221;.vc_custom_1762468236807{margin-top: 0px !important;padding-top: 0px !important;background-position: center !important;background-repeat: no-repeat !important;background-size: cover !important;}&#8221;][vc_column css=&#8221;.vc_custom_1699523036787{padding-top: 0px !important;}&#8221;][vc_single_image image=&#8221;784&#8243; img_size=&#8221;full&#8221; alignment=&#8221;center&#8221; css=&#8221;.vc_custom_1766767577329{margin-top: 0px !important;margin-right: 0px !important;margin-bottom: 0px !important;margin-left: 0px !important;border-top-width: 0px !important;border-right-width: 0px !important;border-bottom-width: 0px !important;border-left-width: 0px !important;padding-top: 0px !important;padding-right: 0px !important;padding-bottom: 0px !important;padding-left: 0px !important;}&#8221;][\/vc_column][\/vc_row][vc_row][vc_column width=&#8221;1\/6&#8243;][\/vc_column][vc_column width=&#8221;2\/3&#8243;]<div class=\"ult-spacer spacer-69d1fde71a09f\" data-id=\"69d1fde71a09f\" data-height=\"100\" data-height-mobile=\"0\" data-height-tab=\"\" data-height-tab-portrait=\"\" data-height-mobile-landscape=\"\" style=\"clear:both;display:block;\"><\/div>[vc_custom_heading text=&#8221;Picturesque Villages of the Luberon&#8221; font_container=&#8221;tag:h1|text_align:center&#8221; use_theme_fonts=&#8221;yes&#8221; css=&#8221;&#8221;][vc_custom_heading text=&#8221;A PRESERVED RURAL HERITAGE&#8221; font_container=&#8221;tag:h2|text_align:center&#8221; use_theme_fonts=&#8221;yes&#8221; css=&#8221;&#8221;]<div class=\"ult-spacer spacer-69d1fde71a0ae\" data-id=\"69d1fde71a0ae\" data-height=\"20\" data-height-mobile=\"0\" data-height-tab=\"\" data-height-tab-portrait=\"\" data-height-mobile-landscape=\"\" style=\"clear:both;display:block;\"><\/div>[vc_column_text css=&#8221;.vc_custom_1766765074658{margin-bottom: 10px !important;}&#8221;]<\/p>\n<p style=\"text-align: center;\">The Luberon is home to many characterful villages,<br \/>\nwhere old stone, Proven\u00e7al homes and agricultural landscapes come together.<\/p>\n<p style=\"text-align: center;\">From the hotel or along your route, you can discover Cabri\u00e8res-d\u2019Avignon, Vaugines,<br \/>\nCucuron, Gordes, Lagnes, Les Beaumettes, Les Taillades, Maubec, M\u00e9rindol, Opp\u00e8de and Lauris, as well as<br \/>\nRoussillon, where the Luberon\u2019s ochres reveal their full range of colours.<\/p>\n<p style=\"text-align: center;\">Each village offers a different glimpse of local life, combining heritage, craftsmanship and tradition.<\/p>\n<p>[\/vc_column_text]<div class=\"ult-spacer spacer-69d1fde71a0be\" data-id=\"69d1fde71a0be\" data-height=\"100\" data-height-mobile=\"50\" data-height-tab=\"\" data-height-tab-portrait=\"\" data-height-mobile-landscape=\"\" style=\"clear:both;display:block;\"><\/div>[\/vc_column][vc_column width=&#8221;1\/6&#8243;][\/vc_column][\/vc_row][vc_row full_width=&#8221;stretch_row_content_no_spaces&#8221; type=&#8221;vc_default&#8221; css=&#8221;.vc_custom_1699458741602{background-position: center !important;background-repeat: no-repeat !important;background-size: cover !important;}&#8221;][vc_column css=&#8221;.vc_custom_1699524849412{padding-top: 0px !important;}&#8221;][vc_single_image image=&#8221;785&#8243; img_size=&#8221;full&#8221; alignment=&#8221;center&#8221; css=&#8221;.vc_custom_1766767613244{margin-top: 0px !important;margin-right: 0px !important;margin-bottom: 0px !important;margin-left: 0px !important;border-top-width: 0px !important;border-right-width: 0px !important;border-bottom-width: 0px !important;border-left-width: 0px !important;padding-top: 0px !important;padding-right: 0px !important;padding-bottom: 0px !important;padding-left: 0px !important;}&#8221;][\/vc_column][\/vc_row][vc_row content_placement=&#8221;middle&#8221;][vc_column width=&#8221;1\/2&#8243; css=&#8221;.vc_custom_1700587249894{padding-top: 0px !important;}&#8221;]<div class=\"ult-spacer spacer-69d1fde71a0cd\" data-id=\"69d1fde71a0cd\" data-height=\"100\" data-height-mobile=\"100\" data-height-tab=\"100\" data-height-tab-portrait=\"\" data-height-mobile-landscape=\"\" style=\"clear:both;display:block;\"><\/div>[vc_single_image image=&#8221;786&#8243; img_size=&#8221;1000&#215;1000&#8243; css=&#8221;.vc_custom_1766767626676{margin-bottom: 0px !important;}&#8221;][\/vc_column][vc_column width=&#8221;1\/2&#8243; css=&#8221;.vc_custom_1700587258531{padding-top: 0px !important;}&#8221;]<div class=\"ult-spacer spacer-69d1fde71a0dc\" data-id=\"69d1fde71a0dc\" data-height=\"100\" data-height-mobile=\"50\" data-height-tab=\"\" data-height-tab-portrait=\"\" data-height-mobile-landscape=\"\" style=\"clear:both;display:block;\"><\/div>[vc_custom_heading text=&#8221;Discover the Surroundings of the Luberon&#8221; font_container=&#8221;tag:h1|text_align:left&#8221; use_theme_fonts=&#8221;yes&#8221; css=&#8221;&#8221;][vc_custom_heading text=&#8221;CULTURE, NATURE AND REMARKABLE SITES&#8221; use_theme_fonts=&#8221;yes&#8221; css=&#8221;&#8221;]<div class=\"ult-spacer spacer-69d1fde71a0ea\" data-id=\"69d1fde71a0ea\" data-height=\"20\" data-height-mobile=\"0\" data-height-tab=\"\" data-height-tab-portrait=\"\" data-height-mobile-landscape=\"\" style=\"clear:both;display:block;\"><\/div>[vc_column_text css=&#8221;.vc_custom_1766062831857{margin-bottom: 10px !important;}&#8221;]Beyond the villages, several iconic sites further enrich the discovery:<\/p>\n<p><strong>S\u00e9nanque Abbey<\/strong> : an active Cistercian monastery founded in 1148.<br \/>\n<strong>The Lavender Museum<\/strong> : an opportunity to learn about the cultivation and uses of Provence\u2019s emblematic plant.<br \/>\n<strong>The Luberon Regional Natural Park<\/strong> : one of the seven regional natural parks in the Provence\u2013Alpes\u2013C\u00f4te d\u2019Azur region, spanning the Vaucluse and the Alpes-de-Haute-Provence.<br \/>\n<strong>The Granet Museum in Aix-en-Provence<\/strong> : permanent collections and temporary exhibitions.<br \/>\n<strong>The Mucem in Marseille<\/strong> : a museum dedicated to Mediterranean civilizations.<\/p>\n<p>For further information, the Luberon C\u0153ur de Provence Tourist Office remains the main local reference.[\/vc_column_text]<div class=\"ult-spacer spacer-69d1fde71a0f9\" data-id=\"69d1fde71a0f9\" data-height=\"100\" data-height-mobile=\"0\" data-height-tab=\"\" data-height-tab-portrait=\"\" data-height-mobile-landscape=\"\" style=\"clear:both;display:block;\"><\/div>[\/vc_column][\/vc_row][vc_row full_width=&#8221;stretch_row_content_no_spaces&#8221; type=&#8221;vc_default&#8221; css=&#8221;.vc_custom_1763650714813{background-position: center !important;background-repeat: no-repeat !important;background-size: cover !important;}&#8221;][vc_column css=&#8221;.vc_custom_1699524849412{padding-top: 0px !important;}&#8221;]<div class=\"ult-spacer spacer-69d1fde71a10f\" data-id=\"69d1fde71a10f\" data-height=\"100\" data-height-mobile=\"50\" data-height-tab=\"\" data-height-tab-portrait=\"\" data-height-mobile-landscape=\"\" style=\"clear:both;display:block;\"><\/div>[\/vc_column][\/vc_row][vc_row full_width=&#8221;stretch_row_content_no_spaces&#8221; type=&#8221;vc_default&#8221;][vc_column css=&#8221;.vc_custom_1699527067217{padding-top: 0px !important;}&#8221;]<div class=\"sbvcgmap-map-wrapper\" style=\"width:100%;height:500px\"><div class=\"sbvcgmap-map\" zoom=\"9\" maptype=\"ROADMAP\" panoramatogglebutton=\"no\" pancontrol=\"yes\" pancontrol_position=\"TOP_LEFT\" zoomcontrol=\"yes\" zoomcontrol_position=\"TOP_LEFT\" zoomcontrolstyle=\"DEFAULT\" maptypecontrol=\"no\" maptypecontrol_position=\"TOP_RIGHT\" streetviewcontrol=\"no\" streetviewcontrol_position=\"TOP_LEFT\" overviewmapcontrol=\"yes\" overviewmapcontrolvisible=\"no\" maptypecontrolstyle=\"DEFAULT\" mapstyle=\"style-2\" weather=\"no\" traffic=\"no\" transit=\"no\" bicycle=\"no\" panoramio=\"no\" draggable=\"yes\" scrollwheel=\"no\" cplatitude=\"43.775548341795\" cplongitude=\"5.3823459544412\" scalecontrol=\"yes\" searchtype=\"disabled\" searchradius=\"500\" searchiconanimation=\"NONE\" searchdirectiontext=\"\" reloadonresize=\"no\" clustering=\"no\" style=\"width:100%;height:500px\"><div class=\"sbvcgmap-marker\" data-lat=\"43.775548341795\" data-lng=\"5.3823459544412\" infowindow=\"no\" icon=\"https:\/\/masdeguilles.com\/wp-content\/uploads\/2025\/11\/Epingle-Mas-de-Guilles.png\" animation=\"NONE\" customstyles=\"no\" ><\/p>\n<p style=\"text-align: center;\"><strong>Le Mas de Guilles<\/strong><br \/>\n84160 Lourmarin<\/p>\n<p><\/div><\/div><\/div>[\/vc_column][\/vc_row]<\/p>\n<\/div>","protected":false},"excerpt":{"rendered":"<p>[vc_row content_placement=&#8221;middle&#8221;][vc_column width=&#8221;1\/2&#8243;][vc_single_image image=&#8221;783&#8243; img_size=&#8221;1000&#215;1000&#8243; css=&#8221;.vc_custom_1766767541662{margin-bottom: 0px !important;}&#8221;][\/vc_column][vc_column width=&#8221;1\/2&#8243;][vc_custom_heading text=&#8221;The Treasures of Lourmarin&#8221; font_container=&#8221;tag:h1|text_align:left&#8221; use_theme_fonts=&#8221;yes&#8221; css=&#8221;&#8221;][vc_custom_heading text=&#8221;HERITAGE, CULTURE AND THE ART OF LIVING&#8221; use_theme_fonts=&#8221;yes&#8221; css=&#8221;&#8221;][vc_column_text css=&#8221;.vc_custom_1766765052905{margin-bottom: 10px !important;}&#8221;]Just a few minutes from the hotel, Lourmarin boasts a rich and varied cultural heritage. Listed as one of The Most Beautiful Villages of France, it is easily&hellip;<\/p>\n","protected":false},"author":1,"featured_media":0,"parent":0,"menu_order":2,"comment_status":"closed","ping_status":"closed","template":"","meta":{"footnotes":""},"class_list":["post-652","page","type-page","status-publish","hentry","description-off"],"yoast_head":"<!-- This site is optimized with the Yoast SEO plugin v27.3 - https:\/\/yoast.com\/product\/yoast-seo-wordpress\/ -->\n<title>Luberon - Mas de Guilles - H\u00f4tel &amp; Restaurant 4* \u00e0 Lourmarin - Lub\u00e9ron<\/title>\n<meta name=\"description\" content=\"4-star luxury hotel located in the Luberon, set in a large park with restaurant, swimming pool and tennis court. Provence culture, gastronomy and hiking.\" \/>\n<meta name=\"robots\" content=\"index, follow, max-snippet:-1, max-image-preview:large, max-video-preview:-1\" \/>\n<link rel=\"canonical\" href=\"https:\/\/masdeguilles.com\/en\/luberon\/\" \/>\n<meta property=\"og:locale\" content=\"en_US\" \/>\n<meta property=\"og:type\" content=\"article\" \/>\n<meta property=\"og:title\" content=\"Luberon - Mas de Guilles - H\u00f4tel &amp; Restaurant 4* \u00e0 Lourmarin - Lub\u00e9ron\" \/>\n<meta property=\"og:description\" content=\"4-star luxury hotel located in the Luberon, set in a large park with restaurant, swimming pool and tennis court. Provence culture, gastronomy and hiking.\" \/>\n<meta property=\"og:url\" content=\"https:\/\/masdeguilles.com\/en\/luberon\/\" \/>\n<meta property=\"og:site_name\" content=\"Mas de Guilles - H\u00f4tel &amp; Restaurant 4* \u00e0 Lourmarin - Lub\u00e9ron\" \/>\n<meta property=\"article:publisher\" content=\"https:\/\/www.facebook.com\/profile.php?id=61584392271061\" \/>\n<meta property=\"article:modified_time\" content=\"2026-02-20T10:34:48+00:00\" \/>\n<meta name=\"twitter:card\" content=\"summary_large_image\" \/>\n<meta name=\"twitter:label1\" content=\"Est. reading time\" \/>\n\t<meta name=\"twitter:data1\" content=\"4 minutes\" \/>\n<script type=\"application\/ld+json\" class=\"yoast-schema-graph\">{\"@context\":\"https:\\\/\\\/schema.org\",\"@graph\":[{\"@type\":\"WebPage\",\"@id\":\"https:\\\/\\\/masdeguilles.com\\\/en\\\/luberon\\\/\",\"url\":\"https:\\\/\\\/masdeguilles.com\\\/en\\\/luberon\\\/\",\"name\":\"Luberon - Mas de Guilles - H\u00f4tel &amp; Restaurant 4* \u00e0 Lourmarin - Lub\u00e9ron\",\"isPartOf\":{\"@id\":\"https:\\\/\\\/masdeguilles.com\\\/#website\"},\"datePublished\":\"2025-11-24T14:29:02+00:00\",\"dateModified\":\"2026-02-20T10:34:48+00:00\",\"description\":\"4-star luxury hotel located in the Luberon, set in a large park with restaurant, swimming pool and tennis court. Provence culture, gastronomy and hiking.\",\"breadcrumb\":{\"@id\":\"https:\\\/\\\/masdeguilles.com\\\/en\\\/luberon\\\/#breadcrumb\"},\"inLanguage\":\"en-US\",\"potentialAction\":[{\"@type\":\"ReadAction\",\"target\":[\"https:\\\/\\\/masdeguilles.com\\\/en\\\/luberon\\\/\"]}]},{\"@type\":\"BreadcrumbList\",\"@id\":\"https:\\\/\\\/masdeguilles.com\\\/en\\\/luberon\\\/#breadcrumb\",\"itemListElement\":[{\"@type\":\"ListItem\",\"position\":1,\"name\":\"Accueil\",\"item\":\"https:\\\/\\\/masdeguilles.com\\\/en\\\/\"},{\"@type\":\"ListItem\",\"position\":2,\"name\":\"Luberon\"}]},{\"@type\":\"WebSite\",\"@id\":\"https:\\\/\\\/masdeguilles.com\\\/#website\",\"url\":\"https:\\\/\\\/masdeguilles.com\\\/\",\"name\":\"Mas de Guilles - H\u00f4tel & Restaurant 4* \u00e0 Lourmarin - Lub\u00e9ron\",\"description\":\"Un site d\u00e9velopp\u00e9 par PMT Hotels\",\"publisher\":{\"@id\":\"https:\\\/\\\/masdeguilles.com\\\/#organization\"},\"potentialAction\":[{\"@type\":\"SearchAction\",\"target\":{\"@type\":\"EntryPoint\",\"urlTemplate\":\"https:\\\/\\\/masdeguilles.com\\\/?s={search_term_string}\"},\"query-input\":{\"@type\":\"PropertyValueSpecification\",\"valueRequired\":true,\"valueName\":\"search_term_string\"}}],\"inLanguage\":\"en-US\"},{\"@type\":\"Organization\",\"@id\":\"https:\\\/\\\/masdeguilles.com\\\/#organization\",\"name\":\"Mas de Guilles - H\u00f4tel & Restaurant 4* \u00e0 Lourmarin - Lub\u00e9ron\",\"url\":\"https:\\\/\\\/masdeguilles.com\\\/\",\"logo\":{\"@type\":\"ImageObject\",\"inLanguage\":\"en-US\",\"@id\":\"https:\\\/\\\/masdeguilles.com\\\/#\\\/schema\\\/logo\\\/image\\\/\",\"url\":\"https:\\\/\\\/masdeguilles.com\\\/wp-content\\\/uploads\\\/2025\\\/11\\\/Logo-Mas-de-Guilles-Marron-300.png\",\"contentUrl\":\"https:\\\/\\\/masdeguilles.com\\\/wp-content\\\/uploads\\\/2025\\\/11\\\/Logo-Mas-de-Guilles-Marron-300.png\",\"width\":300,\"height\":150,\"caption\":\"Mas de Guilles - H\u00f4tel & Restaurant 4* \u00e0 Lourmarin - Lub\u00e9ron\"},\"image\":{\"@id\":\"https:\\\/\\\/masdeguilles.com\\\/#\\\/schema\\\/logo\\\/image\\\/\"},\"sameAs\":[\"https:\\\/\\\/www.facebook.com\\\/profile.php?id=61584392271061\",\"https:\\\/\\\/www.instagram.com\\\/lemasdeguilles\\\/\",\"https:\\\/\\\/www.linkedin.com\\\/company\\\/le-mas-de-guilles-lourmarin\\\/posts\\\/?feedView=all\"]}]}<\/script>\n<!-- \/ Yoast SEO plugin. -->","yoast_head_json":{"title":"Luberon - Mas de Guilles - H\u00f4tel &amp; Restaurant 4* \u00e0 Lourmarin - Lub\u00e9ron","description":"4-star luxury hotel located in the Luberon, set in a large park with restaurant, swimming pool and tennis court. Provence culture, gastronomy and hiking.","robots":{"index":"index","follow":"follow","max-snippet":"max-snippet:-1","max-image-preview":"max-image-preview:large","max-video-preview":"max-video-preview:-1"},"canonical":"https:\/\/masdeguilles.com\/en\/luberon\/","og_locale":"en_US","og_type":"article","og_title":"Luberon - Mas de Guilles - H\u00f4tel &amp; Restaurant 4* \u00e0 Lourmarin - Lub\u00e9ron","og_description":"4-star luxury hotel located in the Luberon, set in a large park with restaurant, swimming pool and tennis court. Provence culture, gastronomy and hiking.","og_url":"https:\/\/masdeguilles.com\/en\/luberon\/","og_site_name":"Mas de Guilles - H\u00f4tel &amp; Restaurant 4* \u00e0 Lourmarin - Lub\u00e9ron","article_publisher":"https:\/\/www.facebook.com\/profile.php?id=61584392271061","article_modified_time":"2026-02-20T10:34:48+00:00","twitter_card":"summary_large_image","twitter_misc":{"Est. reading time":"4 minutes"},"schema":{"@context":"https:\/\/schema.org","@graph":[{"@type":"WebPage","@id":"https:\/\/masdeguilles.com\/en\/luberon\/","url":"https:\/\/masdeguilles.com\/en\/luberon\/","name":"Luberon - Mas de Guilles - H\u00f4tel &amp; Restaurant 4* \u00e0 Lourmarin - Lub\u00e9ron","isPartOf":{"@id":"https:\/\/masdeguilles.com\/#website"},"datePublished":"2025-11-24T14:29:02+00:00","dateModified":"2026-02-20T10:34:48+00:00","description":"4-star luxury hotel located in the Luberon, set in a large park with restaurant, swimming pool and tennis court. Provence culture, gastronomy and hiking.","breadcrumb":{"@id":"https:\/\/masdeguilles.com\/en\/luberon\/#breadcrumb"},"inLanguage":"en-US","potentialAction":[{"@type":"ReadAction","target":["https:\/\/masdeguilles.com\/en\/luberon\/"]}]},{"@type":"BreadcrumbList","@id":"https:\/\/masdeguilles.com\/en\/luberon\/#breadcrumb","itemListElement":[{"@type":"ListItem","position":1,"name":"Accueil","item":"https:\/\/masdeguilles.com\/en\/"},{"@type":"ListItem","position":2,"name":"Luberon"}]},{"@type":"WebSite","@id":"https:\/\/masdeguilles.com\/#website","url":"https:\/\/masdeguilles.com\/","name":"Mas de Guilles - H\u00f4tel & Restaurant 4* \u00e0 Lourmarin - Lub\u00e9ron","description":"Un site d\u00e9velopp\u00e9 par PMT Hotels","publisher":{"@id":"https:\/\/masdeguilles.com\/#organization"},"potentialAction":[{"@type":"SearchAction","target":{"@type":"EntryPoint","urlTemplate":"https:\/\/masdeguilles.com\/?s={search_term_string}"},"query-input":{"@type":"PropertyValueSpecification","valueRequired":true,"valueName":"search_term_string"}}],"inLanguage":"en-US"},{"@type":"Organization","@id":"https:\/\/masdeguilles.com\/#organization","name":"Mas de Guilles - H\u00f4tel & Restaurant 4* \u00e0 Lourmarin - Lub\u00e9ron","url":"https:\/\/masdeguilles.com\/","logo":{"@type":"ImageObject","inLanguage":"en-US","@id":"https:\/\/masdeguilles.com\/#\/schema\/logo\/image\/","url":"https:\/\/masdeguilles.com\/wp-content\/uploads\/2025\/11\/Logo-Mas-de-Guilles-Marron-300.png","contentUrl":"https:\/\/masdeguilles.com\/wp-content\/uploads\/2025\/11\/Logo-Mas-de-Guilles-Marron-300.png","width":300,"height":150,"caption":"Mas de Guilles - H\u00f4tel & Restaurant 4* \u00e0 Lourmarin - Lub\u00e9ron"},"image":{"@id":"https:\/\/masdeguilles.com\/#\/schema\/logo\/image\/"},"sameAs":["https:\/\/www.facebook.com\/profile.php?id=61584392271061","https:\/\/www.instagram.com\/lemasdeguilles\/","https:\/\/www.linkedin.com\/company\/le-mas-de-guilles-lourmarin\/posts\/?feedView=all"]}]}},"_links":{"self":[{"href":"https:\/\/masdeguilles.com\/en\/wp-json\/wp\/v2\/pages\/652","targetHints":{"allow":["GET"]}}],"collection":[{"href":"https:\/\/masdeguilles.com\/en\/wp-json\/wp\/v2\/pages"}],"about":[{"href":"https:\/\/masdeguilles.com\/en\/wp-json\/wp\/v2\/types\/page"}],"author":[{"embeddable":true,"href":"https:\/\/masdeguilles.com\/en\/wp-json\/wp\/v2\/users\/1"}],"replies":[{"embeddable":true,"href":"https:\/\/masdeguilles.com\/en\/wp-json\/wp\/v2\/comments?post=652"}],"version-history":[{"count":11,"href":"https:\/\/masdeguilles.com\/en\/wp-json\/wp\/v2\/pages\/652\/revisions"}],"predecessor-version":[{"id":857,"href":"https:\/\/masdeguilles.com\/en\/wp-json\/wp\/v2\/pages\/652\/revisions\/857"}],"wp:attachment":[{"href":"https:\/\/masdeguilles.com\/en\/wp-json\/wp\/v2\/media?parent=652"}],"curies":[{"name":"wp","href":"https:\/\/api.w.org\/{rel}","templated":true}]}}