{"id":594,"date":"2025-11-20T14:46:57","date_gmt":"2025-11-20T13:46:57","guid":{"rendered":"https:\/\/masdeguilles.com\/catering\/"},"modified":"2026-01-05T12:15:41","modified_gmt":"2026-01-05T11:15:41","slug":"catering","status":"publish","type":"page","link":"https:\/\/masdeguilles.com\/en\/catering\/","title":{"rendered":"Catering"},"content":{"rendered":"<div class=\"wpb-content-wrapper\"><p>[vc_row][vc_column width=&#8221;1\/4&#8243;][\/vc_column][vc_column width=&#8221;1\/2&#8243;]<div class=\"ult-spacer spacer-69d4dda4865ee\" data-id=\"69d4dda4865ee\" data-height=\"100\" data-height-mobile=\"50\" data-height-tab=\"\" data-height-tab-portrait=\"\" data-height-mobile-landscape=\"\" style=\"clear:both;display:block;\"><\/div>[vc_custom_heading text=&#8221;Les Terrasses de Guilles&#8221; font_container=&#8221;tag:h1|text_align:center&#8221; use_theme_fonts=&#8221;yes&#8221; css=&#8221;&#8221;][vc_custom_heading text=&#8221;Bistronomic Restaurant in the Luberon&#8221; font_container=&#8221;tag:h2|text_align:center&#8221; use_theme_fonts=&#8221;yes&#8221; css=&#8221;&#8221;]<div class=\"ult-spacer spacer-69d4dda486622\" data-id=\"69d4dda486622\" data-height=\"20\" data-height-mobile=\"0\" data-height-tab=\"\" data-height-tab-portrait=\"\" data-height-mobile-landscape=\"\" style=\"clear:both;display:block;\"><\/div>[vc_column_text css=&#8221;.vc_custom_1765288240257{margin-bottom: 10px !important;}&#8221;]<\/p>\n<p style=\"text-align: center;\">Les Terrasses de Guilles offer bistronomic cuisine focused on high-quality ingredients and the simplicity of pure, authentic flavours.<\/p>\n<p style=\"text-align: center;\">The Chef creates a menu based on the market and seasonal arrivals \u2014 a clear, precise approach that highlights each product without unnecessary embellishment.<\/p>\n<p style=\"text-align: center;\">Our team is available for any information or reservation request.<br \/>\nDiscover our set menus below.<\/p>\n<p>[\/vc_column_text]<div class=\"ult-spacer spacer-69d4dda486640\" data-id=\"69d4dda486640\" data-height=\"50\" data-height-mobile=\"25\" data-height-tab=\"\" data-height-tab-portrait=\"\" data-height-mobile-landscape=\"\" style=\"clear:both;display:block;\"><\/div>[vc_accordion active_tab=&#8221;false&#8221; title_size=&#8221;h2&#8243; style=&#8221;3&#8243;][vc_accordion_tab title=&#8221;Menu du Mas \u2013 45 \u20ac&#8221;][vc_column_text css=&#8221;&#8221;]** Half board only<\/p>\n<p>Snacks, Starter, Main, Dessert<br \/>\n[\/vc_column_text][\/vc_accordion_tab][vc_accordion_tab title=&#8221;Menu Lub\u00e9ron \u2013 59 \u20ac&#8221;][vc_column_text css=&#8221;&#8221;]** 3-course menu<\/p>\n<p>Snacks, Starter, Main, Dessert[\/vc_column_text][\/vc_accordion_tab][vc_accordion_tab title=&#8221;Menu D\u00e9couverte \u2013 75 \u20ac&#8221;][vc_column_text css=&#8221;&#8221;]** 5-course menu<\/p>\n<p>Snacks, Starter, Fish, Meat, Cheese, Dessert[\/vc_column_text][\/vc_accordion_tab][\/vc_accordion]<div class=\"ult-spacer spacer-69d4dda486657\" data-id=\"69d4dda486657\" data-height=\"75\" data-height-mobile=\"50\" data-height-tab=\"\" data-height-tab-portrait=\"\" data-height-mobile-landscape=\"\" style=\"clear:both;display:block;\"><\/div>[\/vc_column][vc_column width=&#8221;1\/4&#8243;][\/vc_column][\/vc_row][vc_row][vc_column width=&#8221;1\/6&#8243;][vc_single_image image=&#8221;576&#8243; img_size=&#8221;full&#8221;][\/vc_column][vc_column width=&#8221;1\/6&#8243;][vc_single_image image=&#8221;577&#8243; img_size=&#8221;full&#8221; css=&#8221;&#8221;][\/vc_column][vc_column width=&#8221;1\/6&#8243;][vc_single_image image=&#8221;578&#8243; img_size=&#8221;full&#8221; css=&#8221;&#8221;][\/vc_column][vc_column width=&#8221;1\/6&#8243;][vc_single_image image=&#8221;579&#8243; img_size=&#8221;full&#8221; css=&#8221;&#8221;][\/vc_column][vc_column width=&#8221;1\/6&#8243;][vc_single_image image=&#8221;580&#8243; img_size=&#8221;full&#8221; css=&#8221;&#8221;][\/vc_column][vc_column width=&#8221;1\/6&#8243;][vc_single_image image=&#8221;581&#8243; img_size=&#8221;full&#8221; css=&#8221;&#8221;][\/vc_column][\/vc_row][vc_row full_width=&#8221;stretch_row_content&#8221;][vc_column width=&#8221;1\/2&#8243; css=&#8221;.vc_custom_1700587249894{padding-top: 0px !important;}&#8221;]<div class=\"ult-spacer spacer-69d4dda48666c\" data-id=\"69d4dda48666c\" data-height=\"100\" data-height-mobile=\"50\" data-height-tab=\"\" data-height-tab-portrait=\"\" data-height-mobile-landscape=\"\" style=\"clear:both;display:block;\"><\/div>[vc_single_image image=&#8221;582&#8243; img_size=&#8221;1000&#215;1000&#8243; alignment=&#8221;center&#8221; css=&#8221;.vc_custom_1763649536113{margin-bottom: 0px !important;}&#8221;]<div class=\"ult-spacer spacer-69d4dda48667f\" data-id=\"69d4dda48667f\" data-height=\"30\" data-height-mobile=\"25\" data-height-tab=\"\" data-height-tab-portrait=\"\" data-height-mobile-landscape=\"\" style=\"clear:both;display:block;\"><\/div>[vc_custom_heading text=&#8221;The Chef\u2019s Cuisine&#8221; font_container=&#8221;tag:h3|text_align:left&#8221; use_theme_fonts=&#8221;yes&#8221; css=&#8221;&#8221;][vc_custom_heading text=&#8221;Mastered Recipes with Proven\u00e7al Influences&#8221; use_theme_fonts=&#8221;yes&#8221; css=&#8221;&#8221;]<div class=\"ult-spacer spacer-69d4dda486691\" data-id=\"69d4dda486691\" data-height=\"20\" data-height-mobile=\"0\" data-height-tab=\"\" data-height-tab-portrait=\"\" data-height-mobile-landscape=\"\" style=\"clear:both;display:block;\"><\/div>[vc_column_text css=&#8221;.vc_custom_1765623661611{margin-bottom: 10px !important;}&#8221;]We aim to offer a creative, ever-evolving cuisine\u2014one that draws inspiration from the seasons and remains in constant motion.<\/p>\n<p>Our menus change and evolve with the seasons, guided by ingredients at their peak, from producers and artisans who share our values and our commitment to refined, elegant cuisine.[\/vc_column_text][\/vc_column][vc_column width=&#8221;1\/2&#8243; css=&#8221;.vc_custom_1700587258531{padding-top: 0px !important;}&#8221;]<div class=\"ult-spacer spacer-69d4dda4866a3\" data-id=\"69d4dda4866a3\" data-height=\"100\" data-height-mobile=\"50\" data-height-tab=\"\" data-height-tab-portrait=\"\" data-height-mobile-landscape=\"\" style=\"clear:both;display:block;\"><\/div>[vc_single_image image=&#8221;583&#8243; img_size=&#8221;1000&#215;1000&#8243; alignment=&#8221;center&#8221; css=&#8221;.vc_custom_1763649555486{margin-bottom: 0px !important;}&#8221;]<div class=\"ult-spacer spacer-69d4dda4866b5\" data-id=\"69d4dda4866b5\" data-height=\"30\" data-height-mobile=\"25\" data-height-tab=\"\" data-height-tab-portrait=\"\" data-height-mobile-landscape=\"\" style=\"clear:both;display:block;\"><\/div>[vc_custom_heading text=&#8221;Carefully Selected Products&#8221; font_container=&#8221;tag:h3|text_align:left&#8221; use_theme_fonts=&#8221;yes&#8221; css=&#8221;&#8221;][vc_custom_heading text=&#8221;Authentic Ingredients Treated with Respect&#8221; use_theme_fonts=&#8221;yes&#8221; css=&#8221;&#8221;]<div class=\"ult-spacer spacer-69d4dda4866c6\" data-id=\"69d4dda4866c6\" data-height=\"20\" data-height-mobile=\"0\" data-height-tab=\"\" data-height-tab-portrait=\"\" data-height-mobile-landscape=\"\" style=\"clear:both;display:block;\"><\/div>[vc_column_text css=&#8221;.vc_custom_1765624469820{margin-bottom: 10px !important;}&#8221;]The quality of our cuisine is also a reflection of our premium products.<\/p>\n<p>We are fortunate to work with fresh, seasonal products, crafted by passionate producers and trusted partners with whom we collaborate daily: Sault einkorn, Ventoux pork, trout from L\u2019Isle-sur-la-Sorgue, asparagus from Mallemort, olive oil from our millers, and local goat\u2019s cheese.[\/vc_column_text][\/vc_column][\/vc_row][vc_row full_width=&#8221;stretch_row_content&#8221;][vc_column width=&#8221;1\/2&#8243; css=&#8221;.vc_custom_1700587249894{padding-top: 0px !important;}&#8221;]<div class=\"ult-spacer spacer-69d4dda4866d7\" data-id=\"69d4dda4866d7\" data-height=\"100\" data-height-mobile=\"50\" data-height-tab=\"\" data-height-tab-portrait=\"\" data-height-mobile-landscape=\"\" style=\"clear:both;display:block;\"><\/div>[vc_single_image image=&#8221;584&#8243; img_size=&#8221;1000&#215;1000&#8243; alignment=&#8221;center&#8221; css=&#8221;.vc_custom_1763649012347{margin-bottom: 0px !important;}&#8221;]<div class=\"ult-spacer spacer-69d4dda4866e7\" data-id=\"69d4dda4866e7\" data-height=\"30\" data-height-mobile=\"25\" data-height-tab=\"\" data-height-tab-portrait=\"\" data-height-mobile-landscape=\"\" style=\"clear:both;display:block;\"><\/div>[vc_custom_heading text=&#8221;The Restaurant: Two Complementary Spaces&#8221; font_container=&#8221;tag:h3|text_align:left&#8221; use_theme_fonts=&#8221;yes&#8221; css=&#8221;&#8221;][vc_custom_heading text=&#8221;A Bright Dining Room and a Shaded Terrace&#8221; use_theme_fonts=&#8221;yes&#8221; css=&#8221;&#8221;]<div class=\"ult-spacer spacer-69d4dda4866f6\" data-id=\"69d4dda4866f6\" data-height=\"20\" data-height-mobile=\"0\" data-height-tab=\"\" data-height-tab-portrait=\"\" data-height-mobile-landscape=\"\" style=\"clear:both;display:block;\"><\/div>[vc_column_text css=&#8221;.vc_custom_1765624539084{margin-bottom: 10px !important;}&#8221;]The dining room offers a bright, refined setting: white vaulted ceilings, large openings onto the terrace, and wooden furniture in natural tones.<br \/>\nA simple and comfortable atmosphere, ideal for a peaceful dinner.<\/p>\n<p>The adjoining terrace extends the experience outdoors, surrounded by old stonework and lush vegetation.<br \/>\nIn the warm season, service takes place there in a soft, shaded atmosphere.[\/vc_column_text][\/vc_column][vc_column width=&#8221;1\/2&#8243; css=&#8221;.vc_custom_1700587258531{padding-top: 0px !important;}&#8221;]<div class=\"ult-spacer spacer-69d4dda486706\" data-id=\"69d4dda486706\" data-height=\"100\" data-height-mobile=\"50\" data-height-tab=\"\" data-height-tab-portrait=\"\" data-height-mobile-landscape=\"\" style=\"clear:both;display:block;\"><\/div>[vc_single_image image=&#8221;585&#8243; img_size=&#8221;1000&#215;1000&#8243; alignment=&#8221;center&#8221; css=&#8221;.vc_custom_1764940009434{margin-bottom: 0px !important;}&#8221;]<div class=\"ult-spacer spacer-69d4dda486715\" data-id=\"69d4dda486715\" data-height=\"30\" data-height-mobile=\"25\" data-height-tab=\"\" data-height-tab-portrait=\"\" data-height-mobile-landscape=\"\" style=\"clear:both;display:block;\"><\/div>[vc_custom_heading text=&#8221;A Wine Discovery&#8221; font_container=&#8221;tag:h3|text_align:left&#8221; use_theme_fonts=&#8221;yes&#8221; css=&#8221;&#8221;][vc_custom_heading text=&#8221;SHARE A FRIENDLY MOMENT BEFORE DINNER&#8221; use_theme_fonts=&#8221;yes&#8221; css=&#8221;&#8221;]<div class=\"ult-spacer spacer-69d4dda486724\" data-id=\"69d4dda486724\" data-height=\"20\" data-height-mobile=\"0\" data-height-tab=\"\" data-height-tab-portrait=\"\" data-height-mobile-landscape=\"\" style=\"clear:both;display:block;\"><\/div>[vc_column_text css=&#8221;.vc_custom_1765624583016{margin-bottom: 10px !important;}&#8221;]A delicious prelude to a beautiful evening, aperitif time invites you to share pleasant moments. Whether catching up with friends or or sharing an intimate pause for two.<\/p>\n<p>Let yourself be tempted by our selection of refined cocktails, Luberon wines, non-alcoholic drinks, and champagnes.<\/p>\n<p>A selection of small bites featuring local and seasonal products is also available.[\/vc_column_text][\/vc_column][\/vc_row][vc_row][vc_column]<div class=\"ult-spacer spacer-69d4dda486734\" data-id=\"69d4dda486734\" data-height=\"100\" data-height-mobile=\"50\" data-height-tab=\"\" data-height-tab-portrait=\"\" data-height-mobile-landscape=\"\" style=\"clear:both;display:block;\"><\/div>[\/vc_column][\/vc_row][vc_row full_width=&#8221;stretch_row_content_no_spaces&#8221; type=&#8221;vc_default&#8221;][vc_column css=&#8221;.vc_custom_1699527067217{padding-top: 0px !important;}&#8221;]<div class=\"sbvcgmap-map-wrapper\" style=\"width:100%;height:500px\"><div class=\"sbvcgmap-map\" zoom=\"9\" maptype=\"ROADMAP\" panoramatogglebutton=\"no\" pancontrol=\"yes\" pancontrol_position=\"TOP_LEFT\" zoomcontrol=\"yes\" zoomcontrol_position=\"TOP_LEFT\" zoomcontrolstyle=\"DEFAULT\" maptypecontrol=\"no\" maptypecontrol_position=\"TOP_RIGHT\" streetviewcontrol=\"no\" streetviewcontrol_position=\"TOP_LEFT\" overviewmapcontrol=\"yes\" overviewmapcontrolvisible=\"no\" maptypecontrolstyle=\"DEFAULT\" mapstyle=\"style-2\" weather=\"no\" traffic=\"no\" transit=\"no\" bicycle=\"no\" panoramio=\"no\" draggable=\"yes\" scrollwheel=\"no\" cplatitude=\"43.775548341795\" cplongitude=\"5.3823459544412\" scalecontrol=\"yes\" searchtype=\"disabled\" searchradius=\"500\" searchiconanimation=\"NONE\" searchdirectiontext=\"\" reloadonresize=\"no\" clustering=\"no\" style=\"width:100%;height:500px\"><div class=\"sbvcgmap-marker\" data-lat=\"43.775548341795\" data-lng=\"5.3823459544412\" infowindow=\"no\" icon=\"https:\/\/masdeguilles.com\/wp-content\/uploads\/2025\/11\/Epingle-Mas-de-Guilles.png\" animation=\"NONE\" customstyles=\"no\" ><\/p>\n<p style=\"text-align: center;\"><strong>Le Mas de Guilles<\/strong><br \/>\n84160 Lourmarin<\/p>\n<p><\/div><\/div><\/div>[\/vc_column][\/vc_row]<\/p>\n<\/div>","protected":false},"excerpt":{"rendered":"<p>[vc_row][vc_column width=&#8221;1\/4&#8243;][\/vc_column][vc_column width=&#8221;1\/2&#8243;][vc_custom_heading text=&#8221;Les Terrasses de Guilles&#8221; font_container=&#8221;tag:h1|text_align:center&#8221; use_theme_fonts=&#8221;yes&#8221; css=&#8221;&#8221;][vc_custom_heading text=&#8221;Bistronomic Restaurant in the Luberon&#8221; font_container=&#8221;tag:h2|text_align:center&#8221; use_theme_fonts=&#8221;yes&#8221; css=&#8221;&#8221;][vc_column_text css=&#8221;.vc_custom_1765288240257{margin-bottom: 10px !important;}&#8221;] Les Terrasses de Guilles offer bistronomic cuisine focused on high-quality ingredients and the simplicity of pure, authentic flavours. The Chef creates a menu based on the market and seasonal arrivals \u2014 a clear, precise&hellip;<\/p>\n","protected":false},"author":1,"featured_media":0,"parent":0,"menu_order":4,"comment_status":"closed","ping_status":"closed","template":"","meta":{"footnotes":""},"class_list":["post-594","page","type-page","status-publish","hentry","description-off"],"yoast_head":"<!-- This site is optimized with the Yoast SEO plugin v27.3 - https:\/\/yoast.com\/product\/yoast-seo-wordpress\/ -->\n<title>Catering - Mas de Guilles - H\u00f4tel &amp; Restaurant 4* \u00e0 Lourmarin - Lub\u00e9ron<\/title>\n<meta name=\"description\" content=\"Bistronomic restaurant in the heart of the Luberon with a 4-star hotel: seasonal cuisine, local ingredients, vaulted dining room, and a shaded, natural terrace.\" \/>\n<meta name=\"robots\" content=\"index, follow, max-snippet:-1, max-image-preview:large, max-video-preview:-1\" \/>\n<link rel=\"canonical\" href=\"https:\/\/masdeguilles.com\/en\/catering\/\" \/>\n<meta property=\"og:locale\" content=\"en_US\" \/>\n<meta property=\"og:type\" content=\"article\" \/>\n<meta property=\"og:title\" content=\"Catering - Mas de Guilles - H\u00f4tel &amp; Restaurant 4* \u00e0 Lourmarin - Lub\u00e9ron\" \/>\n<meta property=\"og:description\" content=\"Bistronomic restaurant in the heart of the Luberon with a 4-star hotel: seasonal cuisine, local ingredients, vaulted dining room, and a shaded, natural terrace.\" \/>\n<meta property=\"og:url\" content=\"https:\/\/masdeguilles.com\/en\/catering\/\" \/>\n<meta property=\"og:site_name\" content=\"Mas de Guilles - H\u00f4tel &amp; Restaurant 4* \u00e0 Lourmarin - Lub\u00e9ron\" \/>\n<meta property=\"article:publisher\" content=\"https:\/\/www.facebook.com\/profile.php?id=61584392271061\" \/>\n<meta property=\"article:modified_time\" content=\"2026-01-05T11:15:41+00:00\" \/>\n<meta name=\"twitter:card\" content=\"summary_large_image\" \/>\n<meta name=\"twitter:label1\" content=\"Est. reading time\" \/>\n\t<meta name=\"twitter:data1\" content=\"3 minutes\" \/>\n<script type=\"application\/ld+json\" class=\"yoast-schema-graph\">{\"@context\":\"https:\\\/\\\/schema.org\",\"@graph\":[{\"@type\":\"WebPage\",\"@id\":\"https:\\\/\\\/masdeguilles.com\\\/en\\\/catering\\\/\",\"url\":\"https:\\\/\\\/masdeguilles.com\\\/en\\\/catering\\\/\",\"name\":\"Catering - Mas de Guilles - H\u00f4tel &amp; Restaurant 4* \u00e0 Lourmarin - Lub\u00e9ron\",\"isPartOf\":{\"@id\":\"https:\\\/\\\/masdeguilles.com\\\/#website\"},\"datePublished\":\"2025-11-20T13:46:57+00:00\",\"dateModified\":\"2026-01-05T11:15:41+00:00\",\"description\":\"Bistronomic restaurant in the heart of the Luberon with a 4-star hotel: seasonal cuisine, local ingredients, vaulted dining room, and a shaded, natural terrace.\",\"breadcrumb\":{\"@id\":\"https:\\\/\\\/masdeguilles.com\\\/en\\\/catering\\\/#breadcrumb\"},\"inLanguage\":\"en-US\",\"potentialAction\":[{\"@type\":\"ReadAction\",\"target\":[\"https:\\\/\\\/masdeguilles.com\\\/en\\\/catering\\\/\"]}]},{\"@type\":\"BreadcrumbList\",\"@id\":\"https:\\\/\\\/masdeguilles.com\\\/en\\\/catering\\\/#breadcrumb\",\"itemListElement\":[{\"@type\":\"ListItem\",\"position\":1,\"name\":\"Accueil\",\"item\":\"https:\\\/\\\/masdeguilles.com\\\/en\\\/\"},{\"@type\":\"ListItem\",\"position\":2,\"name\":\"Catering\"}]},{\"@type\":\"WebSite\",\"@id\":\"https:\\\/\\\/masdeguilles.com\\\/#website\",\"url\":\"https:\\\/\\\/masdeguilles.com\\\/\",\"name\":\"Mas de Guilles - H\u00f4tel & Restaurant 4* \u00e0 Lourmarin - Lub\u00e9ron\",\"description\":\"Un site d\u00e9velopp\u00e9 par PMT Hotels\",\"publisher\":{\"@id\":\"https:\\\/\\\/masdeguilles.com\\\/#organization\"},\"potentialAction\":[{\"@type\":\"SearchAction\",\"target\":{\"@type\":\"EntryPoint\",\"urlTemplate\":\"https:\\\/\\\/masdeguilles.com\\\/?s={search_term_string}\"},\"query-input\":{\"@type\":\"PropertyValueSpecification\",\"valueRequired\":true,\"valueName\":\"search_term_string\"}}],\"inLanguage\":\"en-US\"},{\"@type\":\"Organization\",\"@id\":\"https:\\\/\\\/masdeguilles.com\\\/#organization\",\"name\":\"Mas de Guilles - H\u00f4tel & Restaurant 4* \u00e0 Lourmarin - Lub\u00e9ron\",\"url\":\"https:\\\/\\\/masdeguilles.com\\\/\",\"logo\":{\"@type\":\"ImageObject\",\"inLanguage\":\"en-US\",\"@id\":\"https:\\\/\\\/masdeguilles.com\\\/#\\\/schema\\\/logo\\\/image\\\/\",\"url\":\"https:\\\/\\\/masdeguilles.com\\\/wp-content\\\/uploads\\\/2025\\\/11\\\/Logo-Mas-de-Guilles-Marron-300.png\",\"contentUrl\":\"https:\\\/\\\/masdeguilles.com\\\/wp-content\\\/uploads\\\/2025\\\/11\\\/Logo-Mas-de-Guilles-Marron-300.png\",\"width\":300,\"height\":150,\"caption\":\"Mas de Guilles - H\u00f4tel & Restaurant 4* \u00e0 Lourmarin - Lub\u00e9ron\"},\"image\":{\"@id\":\"https:\\\/\\\/masdeguilles.com\\\/#\\\/schema\\\/logo\\\/image\\\/\"},\"sameAs\":[\"https:\\\/\\\/www.facebook.com\\\/profile.php?id=61584392271061\",\"https:\\\/\\\/www.instagram.com\\\/lemasdeguilles\\\/\",\"https:\\\/\\\/www.linkedin.com\\\/company\\\/le-mas-de-guilles-lourmarin\\\/posts\\\/?feedView=all\"]}]}<\/script>\n<!-- \/ Yoast SEO plugin. -->","yoast_head_json":{"title":"Catering - Mas de Guilles - H\u00f4tel &amp; Restaurant 4* \u00e0 Lourmarin - Lub\u00e9ron","description":"Bistronomic restaurant in the heart of the Luberon with a 4-star hotel: seasonal cuisine, local ingredients, vaulted dining room, and a shaded, natural terrace.","robots":{"index":"index","follow":"follow","max-snippet":"max-snippet:-1","max-image-preview":"max-image-preview:large","max-video-preview":"max-video-preview:-1"},"canonical":"https:\/\/masdeguilles.com\/en\/catering\/","og_locale":"en_US","og_type":"article","og_title":"Catering - Mas de Guilles - H\u00f4tel &amp; Restaurant 4* \u00e0 Lourmarin - Lub\u00e9ron","og_description":"Bistronomic restaurant in the heart of the Luberon with a 4-star hotel: seasonal cuisine, local ingredients, vaulted dining room, and a shaded, natural terrace.","og_url":"https:\/\/masdeguilles.com\/en\/catering\/","og_site_name":"Mas de Guilles - H\u00f4tel &amp; Restaurant 4* \u00e0 Lourmarin - Lub\u00e9ron","article_publisher":"https:\/\/www.facebook.com\/profile.php?id=61584392271061","article_modified_time":"2026-01-05T11:15:41+00:00","twitter_card":"summary_large_image","twitter_misc":{"Est. reading time":"3 minutes"},"schema":{"@context":"https:\/\/schema.org","@graph":[{"@type":"WebPage","@id":"https:\/\/masdeguilles.com\/en\/catering\/","url":"https:\/\/masdeguilles.com\/en\/catering\/","name":"Catering - Mas de Guilles - H\u00f4tel &amp; Restaurant 4* \u00e0 Lourmarin - Lub\u00e9ron","isPartOf":{"@id":"https:\/\/masdeguilles.com\/#website"},"datePublished":"2025-11-20T13:46:57+00:00","dateModified":"2026-01-05T11:15:41+00:00","description":"Bistronomic restaurant in the heart of the Luberon with a 4-star hotel: seasonal cuisine, local ingredients, vaulted dining room, and a shaded, natural terrace.","breadcrumb":{"@id":"https:\/\/masdeguilles.com\/en\/catering\/#breadcrumb"},"inLanguage":"en-US","potentialAction":[{"@type":"ReadAction","target":["https:\/\/masdeguilles.com\/en\/catering\/"]}]},{"@type":"BreadcrumbList","@id":"https:\/\/masdeguilles.com\/en\/catering\/#breadcrumb","itemListElement":[{"@type":"ListItem","position":1,"name":"Accueil","item":"https:\/\/masdeguilles.com\/en\/"},{"@type":"ListItem","position":2,"name":"Catering"}]},{"@type":"WebSite","@id":"https:\/\/masdeguilles.com\/#website","url":"https:\/\/masdeguilles.com\/","name":"Mas de Guilles - H\u00f4tel & Restaurant 4* \u00e0 Lourmarin - Lub\u00e9ron","description":"Un site d\u00e9velopp\u00e9 par PMT Hotels","publisher":{"@id":"https:\/\/masdeguilles.com\/#organization"},"potentialAction":[{"@type":"SearchAction","target":{"@type":"EntryPoint","urlTemplate":"https:\/\/masdeguilles.com\/?s={search_term_string}"},"query-input":{"@type":"PropertyValueSpecification","valueRequired":true,"valueName":"search_term_string"}}],"inLanguage":"en-US"},{"@type":"Organization","@id":"https:\/\/masdeguilles.com\/#organization","name":"Mas de Guilles - H\u00f4tel & Restaurant 4* \u00e0 Lourmarin - Lub\u00e9ron","url":"https:\/\/masdeguilles.com\/","logo":{"@type":"ImageObject","inLanguage":"en-US","@id":"https:\/\/masdeguilles.com\/#\/schema\/logo\/image\/","url":"https:\/\/masdeguilles.com\/wp-content\/uploads\/2025\/11\/Logo-Mas-de-Guilles-Marron-300.png","contentUrl":"https:\/\/masdeguilles.com\/wp-content\/uploads\/2025\/11\/Logo-Mas-de-Guilles-Marron-300.png","width":300,"height":150,"caption":"Mas de Guilles - H\u00f4tel & Restaurant 4* \u00e0 Lourmarin - Lub\u00e9ron"},"image":{"@id":"https:\/\/masdeguilles.com\/#\/schema\/logo\/image\/"},"sameAs":["https:\/\/www.facebook.com\/profile.php?id=61584392271061","https:\/\/www.instagram.com\/lemasdeguilles\/","https:\/\/www.linkedin.com\/company\/le-mas-de-guilles-lourmarin\/posts\/?feedView=all"]}]}},"_links":{"self":[{"href":"https:\/\/masdeguilles.com\/en\/wp-json\/wp\/v2\/pages\/594","targetHints":{"allow":["GET"]}}],"collection":[{"href":"https:\/\/masdeguilles.com\/en\/wp-json\/wp\/v2\/pages"}],"about":[{"href":"https:\/\/masdeguilles.com\/en\/wp-json\/wp\/v2\/types\/page"}],"author":[{"embeddable":true,"href":"https:\/\/masdeguilles.com\/en\/wp-json\/wp\/v2\/users\/1"}],"replies":[{"embeddable":true,"href":"https:\/\/masdeguilles.com\/en\/wp-json\/wp\/v2\/comments?post=594"}],"version-history":[{"count":10,"href":"https:\/\/masdeguilles.com\/en\/wp-json\/wp\/v2\/pages\/594\/revisions"}],"predecessor-version":[{"id":813,"href":"https:\/\/masdeguilles.com\/en\/wp-json\/wp\/v2\/pages\/594\/revisions\/813"}],"wp:attachment":[{"href":"https:\/\/masdeguilles.com\/en\/wp-json\/wp\/v2\/media?parent=594"}],"curies":[{"name":"wp","href":"https:\/\/api.w.org\/{rel}","templated":true}]}}